{"id":161,"date":"2016-10-25T15:19:54","date_gmt":"2016-10-25T15:19:54","guid":{"rendered":"http:\/\/lawyer2.mythemecloud.io\/?page_id=161"},"modified":"2024-10-14T09:11:14","modified_gmt":"2024-10-14T09:11:14","slug":"home","status":"publish","type":"page","link":"https:\/\/miit-informain.com\/pt\/","title":{"rendered":"In\u00edcio"},"content":{"rendered":"<h1>QUEM SOMOS<\/h1>\n<p style=\"background: transparent; border: 0px; outline: 0px; padding: 0px; vertical-align: baseline; pointer-events: auto; font-style: normal; font-variant-ligatures: normal; font-variant-caps: normal; font-weight: 400; font-size: 17px; line-height: 1.7em; color: rgb(var(--color_15)); letter-spacing: normal; margin-block: 0px; margin: 0px; orphans: 2; text-indent: 0px; text-transform: none; widows: 2; word-spacing: 0px; -webkit-text-stroke-width: 0px; white-space: normal; text-decoration-thickness: initial; text-decoration-style: initial; text-decoration-color: initial; text-align: justify;\">Somos uma empresa pioneira em servi\u00e7os para a manuten\u00e7\u00e3o industrial, comprometida em fornecer solu\u00e7\u00f5es inovadoras e eficazes para os desafios de manuten\u00e7\u00e3o.<\/p>\n<p style=\"background: transparent; border: 0px; outline: 0px; padding: 0px; vertical-align: baseline; pointer-events: auto; font-style: normal; font-variant-ligatures: normal; font-variant-caps: normal; font-weight: 400; font-size: 17px; line-height: 1.7em; color: rgb(var(--color_15)); letter-spacing: normal; margin-block: 0px; margin: 0px; orphans: 2; text-indent: 0px; text-transform: none; widows: 2; word-spacing: 0px; -webkit-text-stroke-width: 0px; white-space: normal; text-decoration-thickness: initial; text-decoration-style: initial; text-decoration-color: initial; text-align: justify;\">\u00a0<\/p>\n<p style=\"background: transparent; border: 0px; outline: 0px; padding: 0px; vertical-align: baseline; pointer-events: auto; font-style: normal; font-variant-ligatures: normal; font-variant-caps: normal; font-weight: 400; font-size: 17px; line-height: 1.7em; color: rgb(var(--color_15)); letter-spacing: normal; margin-block: 0px; margin: 0px; orphans: 2; text-indent: 0px; text-transform: none; widows: 2; word-spacing: 0px; -webkit-text-stroke-width: 0px; white-space: normal; text-decoration-thickness: initial; text-decoration-style: initial; text-decoration-color: initial; text-align: justify;\">Nossa equipa altamente qualificada e experiente garante a excel\u00eancia em cada projeto que realizamos.<\/p>\n<p style=\"background: transparent; border: 0px; outline: 0px; padding: 0px; vertical-align: baseline; pointer-events: auto; font-style: normal; font-variant-ligatures: normal; font-variant-caps: normal; font-weight: 400; font-size: 17px; line-height: 1.7em; color: rgb(var(--color_15)); letter-spacing: normal; margin-block: 0px; margin: 0px; orphans: 2; text-indent: 0px; text-transform: none; widows: 2; word-spacing: 0px; -webkit-text-stroke-width: 0px; white-space: normal; text-decoration-thickness: initial; text-decoration-style: initial; text-decoration-color: initial; text-align: justify;\">\u00a0<\/p>\n<p style=\"background: transparent; border: 0px; outline: 0px; padding: 0px; vertical-align: baseline; pointer-events: auto; font-style: normal; font-variant-ligatures: normal; font-variant-caps: normal; font-weight: 400; font-size: 17px; line-height: 1.7em; color: rgb(var(--color_15)); letter-spacing: normal; margin-block: 0px; margin: 0px; orphans: 2; text-indent: 0px; text-transform: none; widows: 2; word-spacing: 0px; -webkit-text-stroke-width: 0px; white-space: normal; text-decoration-thickness: initial; text-decoration-style: initial; text-decoration-color: initial; text-align: justify;\">Imergimos na cultura do cliente, transmitimos\u00a0 conhecimento, criamos valor e alavancamos a melhoria cont\u00ednua. <\/p>\n<p>\u00a0<\/p>\n<p>\t\t\t<a href=\"https:\/\/miit-informain.com\/pt\/contacte-nos\/\"><br \/>\n\t\t\t\t\t\t\t\t\tContacte-nos<br \/>\n\t\t\t\t\t<\/a><br \/>\n\t\t\tANOS DE EXPERI\u00caNCIA<br \/>\n\t\t\t\t+<br \/>\n\t\t\t\t0<br \/>\n\t\t\tCLIENTES SATISFEITOS<br \/>\n\t\t\t\t+<br \/>\n\t\t\t\t0<br \/>\n\t\t\tPROJETOS EM CURSO<br \/>\n\t\t\t\t0<br \/>\n\t\t\t\u00c1REAS DE ESPECIALIZA\u00c7\u00c3O<br \/>\n\t\t\t\t0<\/p>","protected":false},"excerpt":{"rendered":"<p>QUEM SOMOS Somos uma empresa pioneira em servi\u00e7os para a manuten\u00e7\u00e3o industrial, comprometida em fornecer solu\u00e7\u00f5es inovadoras e eficazes para os desafios de manuten\u00e7\u00e3o. \u00a0 Nossa equipa altamente qualificada e experiente garante a excel\u00eancia em cada projeto que realizamos. \u00a0 Imergimos na cultura do cliente, transmitimos\u00a0 conhecimento, criamos valor e alavancamos a melhoria cont\u00ednua. \u00a0 [&hellip;]<\/p>","protected":false},"author":1,"featured_media":0,"parent":0,"menu_order":0,"comment_status":"closed","ping_status":"closed","template":"","meta":{"footnotes":""},"class_list":["post-161","page","type-page","status-publish","hentry"],"_links":{"self":[{"href":"https:\/\/miit-informain.com\/pt\/wp-json\/wp\/v2\/pages\/161","targetHints":{"allow":["GET"]}}],"collection":[{"href":"https:\/\/miit-informain.com\/pt\/wp-json\/wp\/v2\/pages"}],"about":[{"href":"https:\/\/miit-informain.com\/pt\/wp-json\/wp\/v2\/types\/page"}],"author":[{"embeddable":true,"href":"https:\/\/miit-informain.com\/pt\/wp-json\/wp\/v2\/users\/1"}],"replies":[{"embeddable":true,"href":"https:\/\/miit-informain.com\/pt\/wp-json\/wp\/v2\/comments?post=161"}],"version-history":[{"count":111,"href":"https:\/\/miit-informain.com\/pt\/wp-json\/wp\/v2\/pages\/161\/revisions"}],"predecessor-version":[{"id":1496,"href":"https:\/\/miit-informain.com\/pt\/wp-json\/wp\/v2\/pages\/161\/revisions\/1496"}],"wp:attachment":[{"href":"https:\/\/miit-informain.com\/pt\/wp-json\/wp\/v2\/media?parent=161"}],"curies":[{"name":"wp","href":"https:\/\/api.w.org\/{rel}","templated":true}]}}