{"id":2150,"date":"2024-10-21T16:14:34","date_gmt":"2024-10-21T15:14:34","guid":{"rendered":"http:\/\/192.168.10.70\/inspection-and-condition-control\/"},"modified":"2025-01-10T15:49:22","modified_gmt":"2025-01-10T15:49:22","slug":"lubrication","status":"publish","type":"page","link":"https:\/\/miit-informain.com\/pt\/lubrication\/","title":{"rendered":"Lubrifica\u00e7\u00e3o"},"content":{"rendered":"<div class=\"wp-block-group has-global-padding is-layout-constrained wp-block-group-is-layout-constrained\" style=\"padding-top:var(--wp--preset--spacing--superbspacing-medium);padding-bottom:var(--wp--preset--spacing--superbspacing-medium)\">\n<div class=\"wp-block-cover\" style=\"border-radius:20px;min-height:500px;aspect-ratio:unset;\"><span aria-hidden=\"true\" class=\"wp-block-cover__background has-contrast-dark-background-color has-background-dim-20 has-background-dim\"><\/span><img fetchpriority=\"high\" decoding=\"async\" width=\"2400\" height=\"1600\" class=\"wp-block-cover__image-background wp-image-2250\" alt=\"\" src=\"https:\/\/miit-informain.com\/wp-content\/uploads\/2024\/10\/garett-mizunaka-xFjti9rYILo-unsplash.jpg\" data-object-fit=\"cover\" srcset=\"https:\/\/miit-informain.com\/wp-content\/uploads\/2024\/10\/garett-mizunaka-xFjti9rYILo-unsplash.jpg 2400w, https:\/\/miit-informain.com\/wp-content\/uploads\/2024\/10\/garett-mizunaka-xFjti9rYILo-unsplash-300x200.jpg 300w, https:\/\/miit-informain.com\/wp-content\/uploads\/2024\/10\/garett-mizunaka-xFjti9rYILo-unsplash-1024x683.jpg 1024w, https:\/\/miit-informain.com\/wp-content\/uploads\/2024\/10\/garett-mizunaka-xFjti9rYILo-unsplash-768x512.jpg 768w, https:\/\/miit-informain.com\/wp-content\/uploads\/2024\/10\/garett-mizunaka-xFjti9rYILo-unsplash-1536x1024.jpg 1536w, https:\/\/miit-informain.com\/wp-content\/uploads\/2024\/10\/garett-mizunaka-xFjti9rYILo-unsplash-2048x1365.jpg 2048w, https:\/\/miit-informain.com\/wp-content\/uploads\/2024\/10\/garett-mizunaka-xFjti9rYILo-unsplash-18x12.jpg 18w\" sizes=\"(max-width: 2400px) 100vw, 2400px\" \/><div class=\"wp-block-cover__inner-container is-layout-flow wp-block-cover-is-layout-flow\">\n<h1 class=\"wp-block-heading has-text-align-center has-contrast-light-color has-text-color has-link-color has-superbfont-xxlarge-font-size wp-elements-4f12831474a29e59196f7192f4c510d9\">Lubrifica\u00e7\u00e3o<\/h1>\n<\/div><\/div>\n<\/div>\n\n\n\n<div class=\"wp-block-group has-mono-4-background-color has-background has-global-padding is-layout-constrained wp-container-core-group-is-layout-2 wp-block-group-is-layout-constrained\" style=\"padding-top:var(--wp--preset--spacing--superbspacing-medium);padding-bottom:var(--wp--preset--spacing--superbspacing-medium)\">\n<h5 class=\"wp-block-heading\">Servi\u00e7os integrados de lubrifica\u00e7\u00e3o que incluem a execu\u00e7\u00e3o e gest\u00e3o das opera\u00e7\u00f5es de lubrifica\u00e7\u00e3o, a log\u00edstica de lubrificantes novos e usados Gest\u00e3o dos stocks -exist\u00eancias e movimentos, a inspe\u00e7\u00e3o sensorial gen\u00e9rica, e a Recolha e tratamento da informa\u00e7\u00e3o Complementarmente s\u00e3o fornecidos servi\u00e7os de defini\u00e7\u00e3o de Planos e opera\u00e7\u00f5es de lubrifica\u00e7\u00e3o e a An\u00e1lise e adequa\u00e7\u00e3o dos planos de lubrifica\u00e7\u00e3o , ou de defini\u00e7\u00e3o das gamas de lubrificantes em uso. Servi\u00e7os de An\u00e1lises laboratoriais de Condi\u00e7\u00e3o dos Lubrificantes, nomeadamente caracter\u00edsticas f\u00edsicas e qu\u00edmicas, espectrometria, ferrografia, etc. Servi\u00e7os de Implementa\u00e7\u00e3o de sistemas de gest\u00e3o, m\u00e9tricas e indicadores de Desempenho e Forma\u00e7\u00e3o Especializada.<\/h5>\n<\/div>\n\n\n\n<div class=\"wp-block-group has-global-padding is-layout-constrained wp-container-core-group-is-layout-3 wp-block-group-is-layout-constrained\" style=\"padding-top:var(--wp--preset--spacing--superbspacing-medium);padding-bottom:var(--wp--preset--spacing--superbspacing-medium)\">\n<h5 class=\"wp-block-heading has-text-align-center\">Os nossos clientes<\/h5>\n\n\n\n<div class=\"wp-block-columns is-layout-flex wp-container-core-columns-is-layout-1 wp-block-columns-is-layout-flex\">\n<div class=\"wp-block-column is-vertically-aligned-center is-layout-flow wp-block-column-is-layout-flow\">\n<figure class=\"wp-block-image aligncenter size-full\"><img decoding=\"async\" width=\"900\" height=\"900\" src=\"https:\/\/miit-informain.com\/wp-content\/uploads\/2024\/12\/ADP.png\" alt=\"\" class=\"wp-image-3434\" srcset=\"https:\/\/miit-informain.com\/wp-content\/uploads\/2024\/12\/ADP.png 900w, https:\/\/miit-informain.com\/wp-content\/uploads\/2024\/12\/ADP-300x300.png 300w, https:\/\/miit-informain.com\/wp-content\/uploads\/2024\/12\/ADP-150x150.png 150w, https:\/\/miit-informain.com\/wp-content\/uploads\/2024\/12\/ADP-768x768.png 768w, https:\/\/miit-informain.com\/wp-content\/uploads\/2024\/12\/ADP-12x12.png 12w\" sizes=\"(max-width: 900px) 100vw, 900px\" \/><\/figure>\n<\/div>\n\n\n\n<div class=\"wp-block-column is-vertically-aligned-center is-layout-flow wp-block-column-is-layout-flow\">\n<figure class=\"wp-block-image aligncenter size-large\"><img decoding=\"async\" width=\"1024\" height=\"439\" src=\"https:\/\/miit-informain.com\/wp-content\/uploads\/2024\/12\/bondalti-logo-1024x439.png\" alt=\"\" class=\"wp-image-3435\" srcset=\"https:\/\/miit-informain.com\/wp-content\/uploads\/2024\/12\/bondalti-logo-1024x439.png 1024w, https:\/\/miit-informain.com\/wp-content\/uploads\/2024\/12\/bondalti-logo-300x129.png 300w, https:\/\/miit-informain.com\/wp-content\/uploads\/2024\/12\/bondalti-logo-768x329.png 768w, https:\/\/miit-informain.com\/wp-content\/uploads\/2024\/12\/bondalti-logo-1536x659.png 1536w, https:\/\/miit-informain.com\/wp-content\/uploads\/2024\/12\/bondalti-logo-18x8.png 18w, https:\/\/miit-informain.com\/wp-content\/uploads\/2024\/12\/bondalti-logo.png 2048w\" sizes=\"(max-width: 1024px) 100vw, 1024px\" \/><\/figure>\n<\/div>\n\n\n\n<div class=\"wp-block-column is-vertically-aligned-center is-layout-flow wp-block-column-is-layout-flow\">\n<figure class=\"wp-block-image aligncenter size-full\"><img loading=\"lazy\" decoding=\"async\" width=\"200\" height=\"86\" src=\"https:\/\/miit-informain.com\/wp-content\/uploads\/2024\/12\/LOGO-ADRETA.png\" alt=\"\" class=\"wp-image-3437\" srcset=\"https:\/\/miit-informain.com\/wp-content\/uploads\/2024\/12\/LOGO-ADRETA.png 200w, https:\/\/miit-informain.com\/wp-content\/uploads\/2024\/12\/LOGO-ADRETA-18x8.png 18w\" sizes=\"(max-width: 200px) 100vw, 200px\" \/><\/figure>\n<\/div>\n\n\n\n<div class=\"wp-block-column is-vertically-aligned-center is-layout-flow wp-block-column-is-layout-flow\">\n<figure class=\"wp-block-image aligncenter size-full\"><img loading=\"lazy\" decoding=\"async\" width=\"640\" height=\"537\" src=\"https:\/\/miit-informain.com\/wp-content\/uploads\/2024\/12\/Logo_lusosider.jpg\" alt=\"\" class=\"wp-image-3438\" srcset=\"https:\/\/miit-informain.com\/wp-content\/uploads\/2024\/12\/Logo_lusosider.jpg 640w, https:\/\/miit-informain.com\/wp-content\/uploads\/2024\/12\/Logo_lusosider-300x252.jpg 300w, https:\/\/miit-informain.com\/wp-content\/uploads\/2024\/12\/Logo_lusosider-14x12.jpg 14w\" sizes=\"(max-width: 640px) 100vw, 640px\" \/><\/figure>\n<\/div>\n\n\n\n<div class=\"wp-block-column is-vertically-aligned-center is-layout-flow wp-block-column-is-layout-flow\">\n<figure class=\"wp-block-image size-full\"><img loading=\"lazy\" decoding=\"async\" width=\"665\" height=\"296\" src=\"https:\/\/miit-informain.com\/wp-content\/uploads\/2025\/01\/chane.png\" alt=\"chane\" class=\"wp-image-3678\" srcset=\"https:\/\/miit-informain.com\/wp-content\/uploads\/2025\/01\/chane.png 665w, https:\/\/miit-informain.com\/wp-content\/uploads\/2025\/01\/chane-300x134.png 300w, https:\/\/miit-informain.com\/wp-content\/uploads\/2025\/01\/chane-18x8.png 18w\" sizes=\"(max-width: 665px) 100vw, 665px\" \/><\/figure>\n<\/div>\n<\/div>\n<\/div>\n\n\n\n<div class=\"wp-block-group has-global-padding is-layout-constrained wp-block-group-is-layout-constrained\">\n<!DOCTYPE html> \n<html lang=\"en\">\n<head>\n  <meta charset=\"UTF-8\">\n  <meta name=\"viewport\" content=\"width=device-width, initial-scale=1.0\">\n  <title>Lubrication<\/title>\n  <style>\n    \/* Configura\u00e7\u00f5es gerais *\/\n    * {\n      box-sizing: border-box;\n      margin: 0;\n      padding: 0;\n    }\n    \n    body, html {\n      height: 100%;\n      display: flex;\n      flex-direction: column;\n    }\n\n    \/* Configura\u00e7\u00e3o do conte\u00fado principal *\/\n    .content {\n      flex: 1;\n      display: flex;\n      flex-direction: column;\n    }\n\n    h2 {\n      text-align: center;\n      padding: 20px 0;\n    }\n\n    \/* Configura\u00e7\u00f5es para as se\u00e7\u00f5es *\/\n    .section-wrapper {\n      width: 100vw;\n      margin-left: calc(50% - 50vw);\n      padding: 20px 0;\n    }\n\n    .features-section {\n      background-color: #f8fafc;\n    }\n\n    .scope-section {\n      background-color: #ffffff;\n      flex-grow: 1;\n    }\n\n    \/* Configura\u00e7\u00e3o dos containers *\/\n    .container {\n      max-width: 1200px;\n      margin: 0 auto;\n      padding: 20px;\n      display: grid;\n      grid-template-columns: repeat(auto-fit, minmax(300px, 1fr));\n      gap: 20px;\n    }\n\n    \/* Estilo de cada item *\/\n    .item {\n      background-color: #ffffff;\n      border: 1px solid #ddd;\n      border-radius: 10px;\n      padding: 20px;\n      transition: transform 0.3s ease, box-shadow 0.3s ease;\n      text-align: center;\n      overflow: hidden;\n      color: #333;\n    }\n\n    .scope-section .item {\n      background-color: #e2e8f0;\n    }\n\n    .item h3 {\n      font-size: 1.2em;\n      margin: 0 0 10px;\n    }\n\n    .item:hover {\n      transform: scale(1.03);\n      box-shadow: 0 4px 8px rgba(0, 0, 0, 0.2);\n    }\n .item img {\n            max-width: 100%;\n\t\t\theight: 240px;\n            border-radius: 8px;\n            margin-bottom: 15px;\n        }\n  <\/style>\n<\/head>\n\n<body>\n  <div class=\"content\">\n    <div class=\"section-wrapper features-section\">\n      <h2>Servi\u00e7os Operacionais<\/h2>\n      <div class=\"container\">\n        <div class=\"item\">\n          <img decoding=\"async\" src=\"https:\/\/miit-informain.com\/wp-content\/uploads\/2025\/01\/pexels-cottonbro-7568428.jpg\">\n          <h3>Execu\u00e7\u00e3o e gest\u00e3o da lubrifica\u00e7\u00e3o<\/h3>\n          <p class=\"description\">Recolha de amostras, substitui\u00e7\u00e3o de carga lubrificante, inser\u00e7\u00e3o de massa lubrificante ou verifica\u00e7\u00e3o de n\u00edveis de acordo com planeamento, ou execu\u00e7\u00e3o de a\u00e7\u00f5es corretivas oriundas de interven\u00e7\u00f5es planeadas.<\/p>\n        <\/div>\n        <div class=\"item\">\n          <img decoding=\"async\" src=\"https:\/\/miit-informain.com\/wp-content\/uploads\/2024\/11\/warehouse-management-scaled.jpg\">\n          <h3>Log\u00edstica e gest\u00e3o de stocks<\/h3>\n          <p class=\"description\">Servi\u00e7os de gest\u00e3o de previs\u00e3o de necessidades correntes ou para paragens, gest\u00e3o stock de lubrificantes e res\u00edduos, aprovisionamento e retirada de cargas de lubrificantes usados por c\u00f3digo.<\/p>\n        <\/div>\n        <div class=\"item\">\n         <img decoding=\"async\" src=\"https:\/\/miit-informain.com\/wp-content\/uploads\/2024\/12\/pexels-connor-lucock-259838-28752000-scaled.jpg\">\n          <h3>Opera\u00e7\u00f5es de Filtragem, depura\u00e7\u00e3o e fluxagem<\/h3>\n          <p class=\"description\">Execu\u00e7\u00e3o de servi\u00e7os operacionais de limpeza e de desidrata\u00e7\u00e3o de lubrificantes, por depura\u00e7\u00e3o, filtragem e fluxagem, com controlo dos par\u00e2metros de processo.<\/p>\n        <\/div>\n        <div class=\"item\">\n          <img decoding=\"async\" src=\"https:\/\/miit-informain.com\/wp-content\/uploads\/2024\/12\/pexels-thisisengineering-3912976-scaled.jpg\">\n          <h3>Gest\u00e3o de Plano de Lubrifica\u00e7\u00e3o e relat\u00f3rios de gest\u00e3o<\/h3>\n          <p class=\"description\">Implementa\u00e7\u00e3o de sistema de gest\u00e3o de lubrifica\u00e7\u00e3o, com base no cadastro da instala\u00e7\u00e3o, plano de produ\u00e7\u00e3o, nos lubrificantes a usar e meios humanos dispon\u00edveis. Controlo das rotinas efetuadas e por efetuar e dos lubrificantes aplicados, bem como dos consumos.<\/p>\n        <\/div>\n      <\/div>\n    <\/div>\n\n    <div class=\"section-wrapper scope-section\">\n      <h2>Servi\u00e7os de Apoio T\u00e9cnico<\/h2>\n      <div class=\"container\">\n        <div class=\"item\">\n         <img decoding=\"async\" src=\"https:\/\/miit-informain.com\/wp-content\/uploads\/2024\/11\/calender-scaled.jpg\">\n          <h3>Defini\u00e7\u00e3o de Planos e de opera\u00e7\u00f5es de lubrifica\u00e7\u00e3o<\/h3>\n          <p class=\"description\">Servi\u00e7os de defini\u00e7\u00e3o de rotinas de lubrifica\u00e7\u00e3o e dos planos subsequentes, com base numa s\u00e9rie de lubrificantes e meios humanos.<\/p>\n        <\/div>\n        <div class=\"item\">\n          <img decoding=\"async\" src=\"https:\/\/miit-informain.com\/wp-content\/uploads\/2025\/01\/pexels-introspectivedsgn-4140940-scaled.jpg\">\n          <h3>Defini\u00e7\u00e3o de gamas de lubrificantes<\/h3>\n          <p class=\"description\">Servi\u00e7os de defini\u00e7\u00e3o de gamas de lubrificantes para harmonizar os planos de lubrifica\u00e7\u00e3o e minimizar o n\u00famero de refer\u00eancias de lubrifica\u00e7\u00e3o.<\/p>\n        <\/div>\n        <div class=\"item\">\n         <img decoding=\"async\" src=\"https:\/\/miit-informain.com\/wp-content\/uploads\/2025\/01\/pexels-thirdman-5583617-scaled.jpg\">\n          <h3>An\u00e1lise e adequa\u00e7\u00e3o dos planos de lubrifica\u00e7\u00e3o<\/h3>\n          <p class=\"description\">Servi\u00e7os de an\u00e1lise dos planos de lubrifica\u00e7\u00e3o e sua otimiza\u00e7\u00e3o, atendendo a plano de produ\u00e7\u00e3o, a gamas de lubrificantes a equipas de lubrificadores, e outros constrangimentos operacionais.\n        <\/div>\n        <div class=\"item\">\n          <img decoding=\"async\" src=\"https:\/\/miit-informain.com\/wp-content\/uploads\/2024\/11\/key-performance-indicators-scaled.jpg\">\n          <h3>An\u00e1lises de Condi\u00e7\u00e3o dos Lubrificantes, m\u00e9tricas e indicadores de Desempenho<\/h3>\n          <p class=\"description\">Durante a vida \u00fatil dos equipamentos, as condi\u00e7\u00f5es de opera\u00e7\u00e3o variam, e com elas a possibilidade de ocorr\u00eancia de avarias. Uma an\u00e1lise dos lubrificantes, permite determinar a sua causa.  \nDurante a fase de opera\u00e7\u00e3o \u00e9 poss\u00edvel a recolha de diversos par\u00e2metros e indicadores que poder\u00e3o posteriormente ser utilizados na fase de decis\u00e3o.<\/p>\n        <\/div>\n        <div class=\"item\">\n          <img decoding=\"async\" src=\"https:\/\/miit-informain.com\/wp-content\/uploads\/2024\/11\/training.png\">\n          <h3>Forma\u00e7\u00e3o Especializada<\/h3>\n          <p class=\"description\">Servi\u00e7os de Forma\u00e7\u00e3o especializados para diversas hierarquias da lubrifica\u00e7\u00e3o e versando tecnologia de lubrificantes ou t\u00e9cnicas de lubrifica\u00e7\u00e3o ou a aplica\u00e7\u00e3o e gest\u00e3o dos planos de lubrifica\u00e7\u00e3o.<\/p>\n        <\/div>\n      <\/div>\n    <\/div>\n  <\/div>\n<\/body>\n\n<\/html>\n<\/div>","protected":false},"excerpt":{"rendered":"<p>Integrated lubrication services that include the execution and management of lubrication operations, the logistics of new and used lubricants, stock management &#8211; stocks and movements, generic sensory inspection, and the collection and processing of information. In addition, services are provided for defining lubrication plans and operations, analysing and adapting lubrication plans, or defining the ranges [&hellip;]<\/p>","protected":false},"author":1,"featured_media":0,"parent":0,"menu_order":0,"comment_status":"closed","ping_status":"closed","template":"","meta":{"footnotes":""},"class_list":["post-2150","page","type-page","status-publish","hentry"],"_links":{"self":[{"href":"https:\/\/miit-informain.com\/pt\/wp-json\/wp\/v2\/pages\/2150","targetHints":{"allow":["GET"]}}],"collection":[{"href":"https:\/\/miit-informain.com\/pt\/wp-json\/wp\/v2\/pages"}],"about":[{"href":"https:\/\/miit-informain.com\/pt\/wp-json\/wp\/v2\/types\/page"}],"author":[{"embeddable":true,"href":"https:\/\/miit-informain.com\/pt\/wp-json\/wp\/v2\/users\/1"}],"replies":[{"embeddable":true,"href":"https:\/\/miit-informain.com\/pt\/wp-json\/wp\/v2\/comments?post=2150"}],"version-history":[{"count":81,"href":"https:\/\/miit-informain.com\/pt\/wp-json\/wp\/v2\/pages\/2150\/revisions"}],"predecessor-version":[{"id":3860,"href":"https:\/\/miit-informain.com\/pt\/wp-json\/wp\/v2\/pages\/2150\/revisions\/3860"}],"wp:attachment":[{"href":"https:\/\/miit-informain.com\/pt\/wp-json\/wp\/v2\/media?parent=2150"}],"curies":[{"name":"wp","href":"https:\/\/api.w.org\/{rel}","templated":true}]}}