{"id":2159,"date":"2024-10-21T16:28:05","date_gmt":"2024-10-21T15:28:05","guid":{"rendered":"http:\/\/192.168.10.70\/lubrication-2\/"},"modified":"2025-01-17T10:42:10","modified_gmt":"2025-01-17T10:42:10","slug":"reliability-and-organisation","status":"publish","type":"page","link":"https:\/\/miit-informain.com\/pt\/reliability-and-organisation\/","title":{"rendered":"Fiabilidade e Organiza\u00e7\u00e3o"},"content":{"rendered":"<div class=\"wp-block-group has-global-padding is-layout-constrained wp-block-group-is-layout-constrained\" style=\"padding-top:var(--wp--preset--spacing--superbspacing-medium);padding-bottom:var(--wp--preset--spacing--superbspacing-medium)\">\n<div class=\"wp-block-cover is-light\" style=\"border-radius:20px;min-height:500px;aspect-ratio:unset;\"><span aria-hidden=\"true\" class=\"wp-block-cover__background has-background-dim-20 has-background-dim\" style=\"background-color:#818071\"><\/span><img fetchpriority=\"high\" decoding=\"async\" width=\"2400\" height=\"1602\" class=\"wp-block-cover__image-background wp-image-2244\" alt=\"\" src=\"https:\/\/miit-informain.com\/wp-content\/uploads\/2024\/10\/scott-graham-OQMZwNd3ThU-unsplash.jpg\" data-object-fit=\"cover\" srcset=\"https:\/\/miit-informain.com\/wp-content\/uploads\/2024\/10\/scott-graham-OQMZwNd3ThU-unsplash.jpg 2400w, https:\/\/miit-informain.com\/wp-content\/uploads\/2024\/10\/scott-graham-OQMZwNd3ThU-unsplash-300x200.jpg 300w, https:\/\/miit-informain.com\/wp-content\/uploads\/2024\/10\/scott-graham-OQMZwNd3ThU-unsplash-1024x684.jpg 1024w, https:\/\/miit-informain.com\/wp-content\/uploads\/2024\/10\/scott-graham-OQMZwNd3ThU-unsplash-768x513.jpg 768w, https:\/\/miit-informain.com\/wp-content\/uploads\/2024\/10\/scott-graham-OQMZwNd3ThU-unsplash-1536x1025.jpg 1536w, https:\/\/miit-informain.com\/wp-content\/uploads\/2024\/10\/scott-graham-OQMZwNd3ThU-unsplash-2048x1367.jpg 2048w, https:\/\/miit-informain.com\/wp-content\/uploads\/2024\/10\/scott-graham-OQMZwNd3ThU-unsplash-18x12.jpg 18w\" sizes=\"(max-width: 2400px) 100vw, 2400px\" \/><div class=\"wp-block-cover__inner-container is-layout-flow wp-block-cover-is-layout-flow\">\n<h1 class=\"wp-block-heading has-text-align-center has-contrast-light-color has-text-color has-link-color has-superbfont-xxlarge-font-size wp-elements-514e43454cc619cc3ed77f3efe0d06de\">Fiabilidade e Organiza\u00e7\u00e3o<\/h1>\n<\/div><\/div>\n<\/div>\n\n\n\n<div class=\"wp-block-group has-mono-4-background-color has-background has-global-padding is-layout-constrained wp-container-core-group-is-layout-2 wp-block-group-is-layout-constrained\" style=\"padding-top:var(--wp--preset--spacing--superbspacing-large);padding-bottom:var(--wp--preset--spacing--superbspacing-large)\">\n<h4 class=\"wp-block-heading\">A organiza\u00e7\u00e3o da manuten\u00e7\u00e3o sintetiza e fixa conhecimento, o que \u00e9 fundamental para gerir a manuten\u00e7\u00e3o e para a operacionaliza\u00e7\u00e3o das opera\u00e7\u00f5es. Antecede a implementa\u00e7\u00e3o de qualquer sistema de gest\u00e3o de manuten\u00e7\u00e3o, dado o volume de informa\u00e7\u00e3o a processar, o elevado n\u00famero de par\u00e2metros de decis\u00e3o a considerar e a exiguidade do tempo dispon\u00edvel para tomar decis\u00f5es. Sem garantir a organiza\u00e7\u00e3o da manuten\u00e7\u00e3o as mais-valias retiradas de qualquer sistema de informa\u00e7\u00e3o dificilmente superam os custos associados \u00e0 sua implementa\u00e7\u00e3o. Um sistema de informa\u00e7\u00e3o com suporte \u00e0 manuten\u00e7\u00e3o, abarca o cadastro (a defini\u00e7\u00e3o das instala\u00e7\u00f5es), os planos de manuten\u00e7\u00e3o, os fluxos de informa\u00e7\u00e3o e processos de gest\u00e3o de interven\u00e7\u00f5es, e de meios humanos e materiais. \u00c9 implementado com base na an\u00e1lise da informa\u00e7\u00e3o dispon\u00edvel, contextualizada pelo enquadramento de cada organiza\u00e7\u00e3o. O sistema gera informa\u00e7\u00e3o fi\u00e1vel, numa base rotineira e cont\u00ednua, que equaciona as poss\u00edveis a\u00e7\u00f5es para melhoria de equipamentos ou opera\u00e7\u00f5es.<\/h4>\n<\/div>\n\n\n\n<div class=\"wp-block-group has-global-padding is-layout-constrained wp-container-core-group-is-layout-3 wp-block-group-is-layout-constrained\" style=\"padding-top:var(--wp--preset--spacing--superbspacing-large);padding-bottom:var(--wp--preset--spacing--superbspacing-large)\">\n<h4 class=\"wp-block-heading has-text-align-center\">Os nossos clientes<\/h4>\n\n\n\n<div class=\"wp-block-columns is-not-stacked-on-mobile is-layout-flex wp-container-core-columns-is-layout-1 wp-block-columns-is-layout-flex\">\n<div class=\"wp-block-column is-vertically-aligned-center is-layout-flow wp-block-column-is-layout-flow\" style=\"padding-top:0;padding-right:var(--wp--preset--spacing--superbspacing-xsmall);padding-bottom:0;padding-left:var(--wp--preset--spacing--superbspacing-xsmall)\">\n<figure class=\"wp-block-image aligncenter size-large is-resized\"><img decoding=\"async\" width=\"67\" height=\"39\" src=\"https:\/\/miit-informain.com\/wp-content\/uploads\/2024\/12\/The_Navigator_Company_logo.svg\" alt=\"\" class=\"wp-image-3331\" style=\"width:114px;height:auto\"\/><\/figure>\n<\/div>\n\n\n\n<div class=\"wp-block-column is-vertically-aligned-center is-layout-flow wp-block-column-is-layout-flow\" style=\"padding-right:var(--wp--preset--spacing--superbspacing-xsmall);padding-left:var(--wp--preset--spacing--superbspacing-xsmall)\">\n<figure class=\"wp-block-image aligncenter size-large\"><img decoding=\"async\" width=\"400\" height=\"100\" src=\"https:\/\/miit-informain.com\/wp-content\/uploads\/2024\/12\/Repsol_logo.svg\" alt=\"\" class=\"wp-image-3330\"\/><\/figure>\n<\/div>\n\n\n\n<div class=\"wp-block-column is-vertically-aligned-center is-layout-flow wp-block-column-is-layout-flow\" style=\"padding-right:var(--wp--preset--spacing--superbspacing-xsmall);padding-left:var(--wp--preset--spacing--superbspacing-xsmall)\">\n<figure class=\"wp-block-image aligncenter size-large is-resized\"><img loading=\"lazy\" decoding=\"async\" width=\"679\" height=\"1024\" src=\"https:\/\/miit-informain.com\/wp-content\/uploads\/2024\/12\/edia_cor-679x1024.png\" alt=\"\" class=\"wp-image-3324\" style=\"width:52px;height:auto\" srcset=\"https:\/\/miit-informain.com\/wp-content\/uploads\/2024\/12\/edia_cor-679x1024.png 679w, https:\/\/miit-informain.com\/wp-content\/uploads\/2024\/12\/edia_cor-199x300.png 199w, https:\/\/miit-informain.com\/wp-content\/uploads\/2024\/12\/edia_cor-768x1158.png 768w, https:\/\/miit-informain.com\/wp-content\/uploads\/2024\/12\/edia_cor-1018x1536.png 1018w, https:\/\/miit-informain.com\/wp-content\/uploads\/2024\/12\/edia_cor-1358x2048.png 1358w, https:\/\/miit-informain.com\/wp-content\/uploads\/2024\/12\/edia_cor-8x12.png 8w, https:\/\/miit-informain.com\/wp-content\/uploads\/2024\/12\/edia_cor.png 2048w\" sizes=\"(max-width: 679px) 100vw, 679px\" \/><\/figure>\n<\/div>\n\n\n\n<div class=\"wp-block-column is-vertically-aligned-center is-layout-flow wp-block-column-is-layout-flow\" style=\"padding-right:var(--wp--preset--spacing--superbspacing-xsmall);padding-left:var(--wp--preset--spacing--superbspacing-xsmall)\">\n<figure class=\"wp-block-image size-large is-resized\"><img loading=\"lazy\" decoding=\"async\" width=\"1024\" height=\"342\" src=\"https:\/\/miit-informain.com\/wp-content\/uploads\/2024\/12\/efacec-1024x342.png\" alt=\"\" class=\"wp-image-3325\" style=\"width:146px;height:auto\" srcset=\"https:\/\/miit-informain.com\/wp-content\/uploads\/2024\/12\/efacec-1024x342.png 1024w, https:\/\/miit-informain.com\/wp-content\/uploads\/2024\/12\/efacec-300x100.png 300w, https:\/\/miit-informain.com\/wp-content\/uploads\/2024\/12\/efacec-768x256.png 768w, https:\/\/miit-informain.com\/wp-content\/uploads\/2024\/12\/efacec-18x6.png 18w, https:\/\/miit-informain.com\/wp-content\/uploads\/2024\/12\/efacec.png 1505w\" sizes=\"(max-width: 1024px) 100vw, 1024px\" \/><\/figure>\n<\/div>\n\n\n\n<div class=\"wp-block-column is-vertically-aligned-center is-layout-flow wp-block-column-is-layout-flow\">\n<figure class=\"wp-block-image aligncenter size-full\"><img loading=\"lazy\" decoding=\"async\" width=\"500\" height=\"500\" src=\"https:\/\/miit-informain.com\/wp-content\/uploads\/2025\/01\/jose_mello_saude.svg\" alt=\"\" class=\"wp-image-3979\"\/><\/figure>\n<\/div>\n<\/div>\n\n\n\n<div class=\"wp-block-columns is-not-stacked-on-mobile is-layout-flex wp-container-core-columns-is-layout-2 wp-block-columns-is-layout-flex\">\n<div class=\"wp-block-column is-vertically-aligned-center is-layout-flow wp-block-column-is-layout-flow\" style=\"padding-right:var(--wp--preset--spacing--superbspacing-xsmall);padding-left:var(--wp--preset--spacing--superbspacing-xsmall)\">\n<figure class=\"wp-block-image aligncenter size-large is-resized\"><img loading=\"lazy\" decoding=\"async\" width=\"302\" height=\"81\" src=\"https:\/\/miit-informain.com\/wp-content\/uploads\/2024\/12\/NEC_logo.svg\" alt=\"\" class=\"wp-image-3329\" style=\"width:96px;height:auto\"\/><\/figure>\n<\/div>\n\n\n\n<div class=\"wp-block-column is-vertically-aligned-center is-layout-flow wp-block-column-is-layout-flow\" style=\"padding-right:var(--wp--preset--spacing--superbspacing-xsmall);padding-left:var(--wp--preset--spacing--superbspacing-xsmall)\">\n<figure class=\"wp-block-image aligncenter size-large is-resized\"><img loading=\"lazy\" decoding=\"async\" width=\"100\" height=\"49\" src=\"https:\/\/miit-informain.com\/wp-content\/uploads\/2024\/12\/Mota-Engil.svg\" alt=\"\" class=\"wp-image-3328\" style=\"width:109px;height:auto\"\/><\/figure>\n<\/div>\n\n\n\n<div class=\"wp-block-column is-vertically-aligned-center is-layout-flow wp-block-column-is-layout-flow\" style=\"padding-right:var(--wp--preset--spacing--superbspacing-xsmall);padding-left:var(--wp--preset--spacing--superbspacing-xsmall)\">\n<figure class=\"wp-block-image size-large is-resized\"><img loading=\"lazy\" decoding=\"async\" width=\"406\" height=\"500\" src=\"https:\/\/miit-informain.com\/wp-content\/uploads\/2024\/12\/Metropolitano_Lisboa_logo.svg\" alt=\"\" class=\"wp-image-3327\" style=\"width:63px;height:auto\"\/><\/figure>\n<\/div>\n\n\n\n<div class=\"wp-block-column is-vertically-aligned-center is-layout-flow wp-block-column-is-layout-flow\" style=\"padding-right:var(--wp--preset--spacing--superbspacing-xsmall);padding-left:var(--wp--preset--spacing--superbspacing-xsmall)\">\n<figure class=\"wp-block-image size-full is-resized\"><img loading=\"lazy\" decoding=\"async\" width=\"404\" height=\"98\" src=\"https:\/\/miit-informain.com\/wp-content\/uploads\/2024\/12\/logozagope.png\" alt=\"\" class=\"wp-image-3326\" style=\"width:120px;height:auto\" srcset=\"https:\/\/miit-informain.com\/wp-content\/uploads\/2024\/12\/logozagope.png 404w, https:\/\/miit-informain.com\/wp-content\/uploads\/2024\/12\/logozagope-300x73.png 300w, https:\/\/miit-informain.com\/wp-content\/uploads\/2024\/12\/logozagope-18x4.png 18w\" sizes=\"(max-width: 404px) 100vw, 404px\" \/><\/figure>\n<\/div>\n\n\n\n<div class=\"wp-block-column is-vertically-aligned-center is-layout-flow wp-block-column-is-layout-flow\">\n<figure class=\"wp-block-image aligncenter size-full\"><img loading=\"lazy\" decoding=\"async\" width=\"558\" height=\"771\" src=\"https:\/\/miit-informain.com\/wp-content\/uploads\/2025\/01\/dms-logo.png\" alt=\"dms logo\" class=\"wp-image-3674\" srcset=\"https:\/\/miit-informain.com\/wp-content\/uploads\/2025\/01\/dms-logo.png 558w, https:\/\/miit-informain.com\/wp-content\/uploads\/2025\/01\/dms-logo-217x300.png 217w, https:\/\/miit-informain.com\/wp-content\/uploads\/2025\/01\/dms-logo-9x12.png 9w\" sizes=\"(max-width: 558px) 100vw, 558px\" \/><\/figure>\n<\/div>\n<\/div>\n<\/div>\n\n\n\n<div class=\"wp-block-group has-global-padding is-layout-constrained wp-block-group-is-layout-constrained\">\n<!DOCTYPE html>\n<html lang=\"en\">\n<head>\n  <meta charset=\"UTF-8\">\n  <meta name=\"viewport\" content=\"width=device-width, initial-scale=1.0\">\n  <title>Reliability and Organisation: Services and Methodologies<\/title>\n  <link rel=\"stylesheet\" href=\"https:\/\/cdnjs.cloudflare.com\/ajax\/libs\/font-awesome\/6.0.0-beta3\/css\/all.min.css\">\n  <style>\n    \/* Configura\u00e7\u00f5es gerais *\/\n    * {\n      box-sizing: border-box;\n      margin: 0;\n      padding: 0;\n    }\n    \n    body, html {\n      height: 100%;\n      display: flex;\n      flex-direction: column;\n    }\n    \n    \/* Configura\u00e7\u00e3o do conte\u00fado principal *\/\n    .content {\n      flex: 1;\n      display: flex;\n      flex-direction: column;\n    }\n    \n    h2 {\n      text-align: center;\n      padding: 20px 0;\n    }\n    \n    \/* Configura\u00e7\u00f5es para as se\u00e7\u00f5es *\/\n    .section-wrapper {\n      width: 100vw;\n      margin-left: calc(50% - 50vw);\n      padding: 20px 0;\n    }\n    \n    .features-section {\n      background-color: #f8fafc;\n    }\n    \n    .scope-section {\n      background-color: #ffffff\n      flex-grow: 1; \/* Expande a \u00faltima se\u00e7\u00e3o para ocupar o restante do espa\u00e7o *\/\n    }\n    \n    \/* Configura\u00e7\u00e3o dos containers *\/\n    .container {\n      max-width: 1200px;\n      margin: 0 auto;\n      padding: 20px;\n      display: grid;\n      grid-template-columns: repeat(auto-fit, minmax(300px, 1fr));\n      gap: 20px;\n    }\n    \n    \/* Estilo de cada item *\/\n    .item {\n      background-color: #f8fafc;\n      border: 1px solid #ddd;\n      border-radius: 10px;\n      padding: 20px;\n      transition: transform 0.3s ease, box-shadow 0.3s ease;\n      text-align: center;\n      overflow: hidden;\n      color: #333;\n    }\n    \n    .scope-section .item {\n      background-color: #e2e8f0;\n    }\n    \n    .item h3 {\n      font-size: 1.2em;\n      margin: 0 0 10px;\n    }\n    \n    .item:hover {\n      transform: scale(1.03);\n      box-shadow: 0 4px 8px rgba(0, 0, 0, 0.2);\n    }\n    \n    .item img {\n      height: 200px;\n      width: 100%;\n      object-fit: cover;\n      margin: 10px 0;\n      border-radius: 5px;\n    }\n  <\/style>\n<\/head>\n<body>\n  <div class=\"content\">\n    <div class=\"section-wrapper features-section\">\n      <h2>Servi\u00e7os<\/h2>\n      <div class=\"container\">\n        <div class=\"item\">\n          <img decoding=\"async\" src=\"https:\/\/miit-informain.com\/wp-content\/uploads\/2024\/11\/bar_code.jpg\">\n          <h3>Caracteriza\u00e7\u00e3o de instala\u00e7\u00f5es e equipamentos - Cadastro<\/h3>\n          <p class=\"description\">Descri\u00e7\u00e3o de lay-outs e equipamentos, usando uma descri\u00e7\u00e3o hier\u00e1rquica e estruturada, com caracter\u00edsticas t\u00e9cnicas, falhas, materiais, contadores e par\u00e2metros.<\/p>\n        <\/div>\n        <div class=\"item\">\n          <img decoding=\"async\" src=\"https:\/\/miit-informain.com\/wp-content\/uploads\/2024\/12\/planning-scaled.jpg\">\n          <h3>Planos de Manuten\u00e7\u00e3o e inspe\u00e7\u00e3o<\/h3>\n          <p class=\"description\">Caracteriza\u00e7\u00e3o de opera\u00e7\u00f5es de manuten\u00e7\u00e3o, incluindo planos de manuten\u00e7\u00e3o ou a\u00e7\u00f5es corretivas, com os meios humanos, servi\u00e7os e materiais associados, assim como o planeamento resultante. Defini\u00e7\u00e3o dos fluxos de informa\u00e7\u00e3o que suportam a gest\u00e3o das opera\u00e7\u00f5es.<\/p>\n        <\/div>\n        <div class=\"item\">\n          <img decoding=\"async\" src=\"https:\/\/miit-informain.com\/wp-content\/uploads\/2024\/11\/key-performance-indicators-scaled.jpg\">\n          <h3>Fluxos de informa\u00e7\u00e3o M\u00e9tricas e indicadores de Desempenho<\/h3>\n          <p class=\"description\">A informa\u00e7\u00e3o \u00e9 reportada de forma estruturada e intrinsecamente fi\u00e1vel permitindo, numa base rotineira e cont\u00ednua, gerar informa\u00e7\u00e3o que efetivamente traduz a situa\u00e7\u00e3o real.<\/p>\n        <\/div>\n        <div class=\"item\">\n          <img decoding=\"async\" src=\"https:\/\/miit-informain.com\/wp-content\/uploads\/2024\/12\/onsite_balancing-scaled.jpg\">\n          <h3>An\u00e1lise Funcional, Modos de Falha e an\u00e1lise de Pontos fracos<\/h3>\n          <p class=\"description\">Com base na arquitetura dos equipamentos, na an\u00e1lise de falhas, nos valores de par\u00e2metros ou contadores, s\u00e3o equacionadas a\u00e7\u00f5es para ultrapassar pontos fracos ou adequar as capacidades produtivas ou operacionais aos processos ou \u00e0 produ\u00e7\u00e3o ou melhorar a efic\u00e1cia.<\/p>\n        <\/div>\n        <div class=\"item\">\n          <img decoding=\"async\" src=\"https:\/\/miit-informain.com\/wp-content\/uploads\/2024\/11\/auditing-scaled.jpg\">\n          <h3>Auditoria<\/h3>\n          <p class=\"description\">As auditorias permitem uma imagem contextualizada, para situar cada empresa no seu sector e graduar a sua organiza\u00e7\u00e3o em escalas de efici\u00eancia e operacionalidade.<\/p>\n        <\/div>\n        <div class=\"item\">\n          <img decoding=\"async\" src=\"https:\/\/miit-informain.com\/wp-content\/uploads\/2024\/11\/training.png\">\n          <h3>Forma\u00e7\u00e3o Especializada em Manuten\u00e7\u00e3o<\/h3>\n          <p class=\"description\">Transfer\u00eancia conhecimento em \u00e1reas de especializa\u00e7\u00e3o avan\u00e7ada e de \u2018saber de experi\u00eancia feito\u2019 sustentadas na an\u00e1lise de casos pr\u00e1ticos. <\/p>\n        <\/div>\n      <\/div>\n    <\/div>\n    <div class=\"section-wrapper scope-section\">\n      <h2>Metodologias<\/h2>\n      <div class=\"container\">\n\t  <div class=\"item\">\n          <h3>Revis\u00e3o de Projeto na \u00f3tica da Manuten\u00e7\u00e3o<\/h3>\n          <p class=\"description\">An\u00e1lise das solu\u00e7\u00f5es construtivas face \u00e0 opera\u00e7\u00e3o e manuten\u00e7\u00e3o, seguindo uma aproxima\u00e7\u00e3o conjunta opera\u00e7\u00e3o - manuten\u00e7\u00e3o \u2013 qualidade \u2013 investimento, o que permite ter a partir da fase inicial, uma perce\u00e7\u00e3o das necessidades globais ao longo do tempo do ciclo de vida, traduzida pela quantifica\u00e7\u00e3o de opera\u00e7\u00f5es, custos e riscos.<\/p>\n        <\/div>\n        <div class=\"item\">\n          <h3>Aplica\u00e7\u00e3o da Metodologia RCM<\/h3>\n          <p class=\"description\">An\u00e1lise de um sistema em termos de manutibilidade, com vista a definir as opera\u00e7\u00f5es adequadas a evitar ou minimizar falhas. <\/p>\n        <\/div>\n        <div class=\"item\">\n          <h3>Aplica\u00e7\u00e3o da Metodologia RAMS<\/h3>\n          <p class=\"description\">An\u00e1lise de um sistema desde a fase de projeto, \u00e0 fase de opera\u00e7\u00e3o segundo a metodologia RAMS, de modo a confirmar e justificar o cumprimento dos requisitos RAMS definidos.<\/p>\n        <\/div>\n      <\/div>\n    <\/div>\n  <\/div>\n<\/body>\n<\/html>\n<\/div>\n\n\n\n<p><\/p>","protected":false},"excerpt":{"rendered":"<p>The organisation of maintenance synthesises and establishes knowledge, which is fundamental for managing maintenance and for running operations. It precedes the implementation of any maintenance management system, given the volume of information to process, the large number of decision parameters to consider and the limited time available to make decisions. Without guaranteeing the organisation of [&hellip;]<\/p>","protected":false},"author":1,"featured_media":0,"parent":0,"menu_order":0,"comment_status":"closed","ping_status":"closed","template":"","meta":{"footnotes":""},"class_list":["post-2159","page","type-page","status-publish","hentry"],"_links":{"self":[{"href":"https:\/\/miit-informain.com\/pt\/wp-json\/wp\/v2\/pages\/2159","targetHints":{"allow":["GET"]}}],"collection":[{"href":"https:\/\/miit-informain.com\/pt\/wp-json\/wp\/v2\/pages"}],"about":[{"href":"https:\/\/miit-informain.com\/pt\/wp-json\/wp\/v2\/types\/page"}],"author":[{"embeddable":true,"href":"https:\/\/miit-informain.com\/pt\/wp-json\/wp\/v2\/users\/1"}],"replies":[{"embeddable":true,"href":"https:\/\/miit-informain.com\/pt\/wp-json\/wp\/v2\/comments?post=2159"}],"version-history":[{"count":86,"href":"https:\/\/miit-informain.com\/pt\/wp-json\/wp\/v2\/pages\/2159\/revisions"}],"predecessor-version":[{"id":3980,"href":"https:\/\/miit-informain.com\/pt\/wp-json\/wp\/v2\/pages\/2159\/revisions\/3980"}],"wp:attachment":[{"href":"https:\/\/miit-informain.com\/pt\/wp-json\/wp\/v2\/media?parent=2159"}],"curies":[{"name":"wp","href":"https:\/\/api.w.org\/{rel}","templated":true}]}}