{"id":2167,"date":"2024-10-21T16:37:31","date_gmt":"2024-10-21T15:37:31","guid":{"rendered":"http:\/\/192.168.10.70\/lubrication-2\/"},"modified":"2025-01-11T18:27:02","modified_gmt":"2025-01-11T18:27:02","slug":"software-implementation","status":"publish","type":"page","link":"https:\/\/miit-informain.com\/pt\/software-implementation\/","title":{"rendered":"Implementa\u00e7\u00e3o de Software"},"content":{"rendered":"<div class=\"wp-block-group has-global-padding is-content-justification-center is-layout-constrained wp-block-group-is-layout-constrained\" style=\"padding-top:var(--wp--preset--spacing--superbspacing-medium);padding-bottom:var(--wp--preset--spacing--superbspacing-medium)\">\n<div class=\"wp-block-cover\" style=\"border-radius:20px;min-height:500px;aspect-ratio:unset;\"><span aria-hidden=\"true\" class=\"wp-block-cover__background has-background-dim-0 has-background-dim\" style=\"background-color:#818071\"><\/span><img fetchpriority=\"high\" decoding=\"async\" width=\"2560\" height=\"1707\" class=\"wp-block-cover__image-background wp-image-2248\" alt=\"\" src=\"https:\/\/miit-informain.com\/wp-content\/uploads\/2024\/10\/markus-spiske-jG8nlwLRZTM-unsplash-scaled.jpg\" style=\"object-position:58% 29%\" data-object-fit=\"cover\" data-object-position=\"58% 29%\" srcset=\"https:\/\/miit-informain.com\/wp-content\/uploads\/2024\/10\/markus-spiske-jG8nlwLRZTM-unsplash-scaled.jpg 2560w, https:\/\/miit-informain.com\/wp-content\/uploads\/2024\/10\/markus-spiske-jG8nlwLRZTM-unsplash-300x200.jpg 300w, https:\/\/miit-informain.com\/wp-content\/uploads\/2024\/10\/markus-spiske-jG8nlwLRZTM-unsplash-1024x683.jpg 1024w, https:\/\/miit-informain.com\/wp-content\/uploads\/2024\/10\/markus-spiske-jG8nlwLRZTM-unsplash-768x512.jpg 768w, https:\/\/miit-informain.com\/wp-content\/uploads\/2024\/10\/markus-spiske-jG8nlwLRZTM-unsplash-1536x1024.jpg 1536w, https:\/\/miit-informain.com\/wp-content\/uploads\/2024\/10\/markus-spiske-jG8nlwLRZTM-unsplash-2048x1366.jpg 2048w, https:\/\/miit-informain.com\/wp-content\/uploads\/2024\/10\/markus-spiske-jG8nlwLRZTM-unsplash-18x12.jpg 18w\" sizes=\"(max-width: 2560px) 100vw, 2560px\" \/><div class=\"wp-block-cover__inner-container is-layout-flow wp-block-cover-is-layout-flow\">\n<h1 class=\"wp-block-heading has-text-align-center has-contrast-light-color has-text-color has-link-color has-superbfont-xxlarge-font-size wp-elements-9ffadc0400a9e4923f3130d2f064d48d\">Implementa\u00e7\u00e3o de Software<\/h1>\n<\/div><\/div>\n<\/div>\n\n\n\n<div class=\"wp-block-group has-global-padding is-layout-constrained wp-block-group-is-layout-constrained\" style=\"margin-top:var(--wp--preset--spacing--superbspacing-medium);margin-bottom:var(--wp--preset--spacing--superbspacing-medium);padding-top:0;padding-bottom:0\">\n<h3 class=\"wp-block-heading has-text-align-center\">Software personalizado e adaptado para diferentes aplica\u00e7\u00f5es.<\/h3>\n<\/div>\n\n\n\n<div class=\"wp-block-group has-mono-4-background-color has-background has-global-padding is-layout-constrained wp-container-core-group-is-layout-3 wp-block-group-is-layout-constrained\" style=\"padding-top:var(--wp--preset--spacing--superbspacing-medium);padding-bottom:var(--wp--preset--spacing--superbspacing-medium)\">\n<h6 class=\"wp-block-heading\">Desenvolvemos software com mais de vinte anos de experi\u00eancia para apoiar e gerir opera\u00e7\u00f5es nos sectores industrial, agroflorestal e de presta\u00e7\u00e3o de servi\u00e7os, no sector privado ou p\u00fablico. As suas interfaces simples e intuitivas recebem e articulam informa\u00e7\u00e3o de v\u00e1rias fontes que s\u00e3o utilizadas para apoiar e otimizar as ac\u00e7\u00f5es do dia a dia. O int'Graal \u00e9 uma suite aplicacional concebida para monitorizar a vida dos activos, desde a fase de projeto at\u00e9 ao fim de vida, ou seja, durante o ciclo de vida. \u00c9 modular e escal\u00e1vel e foi concebida para integrar informa\u00e7\u00e3o de diferentes fontes e ser utilizada em conjunto com outras aplica\u00e7\u00f5es, sejam elas transaccionais ou de gest\u00e3o t\u00e9cnica. Pode ser utilizado como camada interm\u00e9dia sobre os ERPs e os CMMS existentes e \u00e9 composto pelos tr\u00eas m\u00f3dulos principais, a seguir enumerados.<\/h6>\n<\/div>\n\n\n\n<div class=\"wp-block-group has-global-padding is-layout-constrained wp-container-core-group-is-layout-4 wp-block-group-is-layout-constrained\" style=\"padding-top:var(--wp--preset--spacing--superbspacing-medium);padding-bottom:var(--wp--preset--spacing--superbspacing-medium)\">\n<h6 class=\"wp-block-heading has-text-align-center\">Os nossos clientes<\/h6>\n\n\n\n<div class=\"wp-block-columns are-vertically-aligned-center is-layout-flex wp-container-core-columns-is-layout-1 wp-block-columns-is-layout-flex\">\n<div class=\"wp-block-column is-vertically-aligned-center is-layout-flow wp-block-column-is-layout-flow\" style=\"padding-right:var(--wp--preset--spacing--superbspacing-xsmall);padding-left:var(--wp--preset--spacing--superbspacing-xsmall)\">\n<figure class=\"wp-block-image aligncenter size-full is-resized\"><img decoding=\"async\" width=\"307\" height=\"159\" src=\"https:\/\/miit-informain.com\/wp-content\/uploads\/2024\/12\/cmp.png\" alt=\"\" class=\"wp-image-3423\" style=\"width:165px;height:auto\" srcset=\"https:\/\/miit-informain.com\/wp-content\/uploads\/2024\/12\/cmp.png 307w, https:\/\/miit-informain.com\/wp-content\/uploads\/2024\/12\/cmp-300x155.png 300w, https:\/\/miit-informain.com\/wp-content\/uploads\/2024\/12\/cmp-18x9.png 18w\" sizes=\"(max-width: 307px) 100vw, 307px\" \/><\/figure>\n<\/div>\n\n\n\n<div class=\"wp-block-column is-vertically-aligned-center is-layout-flow wp-block-column-is-layout-flow\" style=\"padding-right:var(--wp--preset--spacing--superbspacing-xsmall);padding-left:var(--wp--preset--spacing--superbspacing-xsmall)\">\n<figure class=\"wp-block-image aligncenter size-full is-resized\"><img decoding=\"async\" width=\"617\" height=\"239\" src=\"https:\/\/miit-informain.com\/wp-content\/uploads\/2024\/12\/silvitec.jpg\" alt=\"\" class=\"wp-image-3425\" style=\"width:165px\" srcset=\"https:\/\/miit-informain.com\/wp-content\/uploads\/2024\/12\/silvitec.jpg 617w, https:\/\/miit-informain.com\/wp-content\/uploads\/2024\/12\/silvitec-300x116.jpg 300w, https:\/\/miit-informain.com\/wp-content\/uploads\/2024\/12\/silvitec-18x7.jpg 18w\" sizes=\"(max-width: 617px) 100vw, 617px\" \/><\/figure>\n<\/div>\n\n\n\n<div class=\"wp-block-column is-vertically-aligned-center is-layout-flow wp-block-column-is-layout-flow\">\n<figure class=\"wp-block-image aligncenter size-full is-resized\"><img loading=\"lazy\" decoding=\"async\" width=\"355\" height=\"142\" src=\"https:\/\/miit-informain.com\/wp-content\/uploads\/2024\/12\/texteis_adalberto-1.png\" alt=\"\" class=\"wp-image-3426\" style=\"width:175px;height:auto\" srcset=\"https:\/\/miit-informain.com\/wp-content\/uploads\/2024\/12\/texteis_adalberto-1.png 355w, https:\/\/miit-informain.com\/wp-content\/uploads\/2024\/12\/texteis_adalberto-1-300x120.png 300w, https:\/\/miit-informain.com\/wp-content\/uploads\/2024\/12\/texteis_adalberto-1-18x7.png 18w\" sizes=\"(max-width: 355px) 100vw, 355px\" \/><\/figure>\n<\/div>\n\n\n\n<div class=\"wp-block-column is-vertically-aligned-center is-layout-flow wp-block-column-is-layout-flow\">\n<figure class=\"wp-block-image size-full\"><img loading=\"lazy\" decoding=\"async\" width=\"400\" height=\"100\" src=\"https:\/\/miit-informain.com\/wp-content\/uploads\/2024\/12\/Repsol_logo.svg\" alt=\"repsol\" class=\"wp-image-3330\"\/><\/figure>\n<\/div>\n<\/div>\n<\/div>\n\n\n\n<div class=\"wp-block-group has-mono-4-background-color has-background has-global-padding is-layout-constrained wp-block-group-is-layout-constrained\" style=\"margin-bottom:var(--wp--preset--spacing--superbspacing-xxlarge);padding-top:var(--wp--preset--spacing--superbspacing-xlarge);padding-bottom:var(--wp--preset--spacing--superbspacing-xlarge)\">\n<!DOCTYPE html> \n<html lang=\"en\">\n<head>\n    <meta charset=\"UTF-8\">\n    <meta name=\"viewport\" content=\"width=device-width, initial-scale=1.0\">\n    <title>Int&#8217;Graal Software<\/title>\n    <style>\n        \/* Configura\u00e7\u00f5es gerais *\/\n    * {\n      box-sizing: border-box;\n      margin: 0;\n      padding: 0;\n    }\n    \n    body, html {\n      height: 100%;\n      display: flex;\n      flex-direction: column;\n    }\n    \n    \/* Configura\u00e7\u00e3o do conte\u00fado principal *\/\n    .content {\n      flex: 1;\n      display: flex;\n      flex-direction: column;\n    }\n    \n    h2 {\n      text-align: center;\n      padding: 20px 0;\n    }\n    \n    \/* Configura\u00e7\u00f5es para as se\u00e7\u00f5es *\/\n    .section-wrapper {\n      width: 100vw;\n      margin-left: calc(50% - 50vw);\n      padding: 20px 0;\n    }\n    \n    .modules-section {\n      background-color: #f8fafc;\n    }\n    \n    .scope-section {\n      background-color: #f8fafc;\n      flex-grow: 1; \/* Expande a \u00faltima se\u00e7\u00e3o para ocupar o restante do espa\u00e7o *\/\n    }\n    \n    \/* Configura\u00e7\u00e3o dos containers *\/\n    .container {\n      max-width: 1200px;\n      margin: 0 auto;\n      padding: 20px;\n      display: grid;\n      grid-template-columns: repeat(auto-fit, minmax(300px, 1fr));\n      gap: 20px;\n    }\n    \n    \/* Estilo de cada item *\/\n    .item {\n      background-color: #f8fafc;\n      border: 1px solid #ddd;\n      border-radius: 10px;\n      padding: 20px;\n      transition: transform 0.3s ease, box-shadow 0.3s ease;\n      text-align: center;\n      overflow: hidden;\n      cursor: pointer;\n      color: #333;\n    }\n    \n    .item h3 {\n      font-size: 1.2em;\n      margin: 0 0 10px;\n    }\n    \n    .item:hover {\n      transform: scale(1.03);\n      box-shadow: 0 4px 8px rgba(0, 0, 0, 0.2);\n    }\n    \n    .item img {\n      height: 200px;\n      width: 100%;\n      object-fit: cover;\n      margin: 10px 0;\n      border-radius: 5px;\n    }\n\t\n    <\/style>\n<\/head>\n<body>\n    <div class=\"content\">\n\t<div class=\"section-wrapper modules-section\">\n\t  <h2>M\u00f3dulos<\/h2>\n\t  <div class=\"container\">\n\t  <div class=\"item\">\n        <a href=\"https:\/\/miit-informain.com\/pt\/intgraal-integrated-production-operations-management\/\">\n            <img decoding=\"async\" src=\"https:\/\/miit-informain.com\/wp-content\/uploads\/2024\/11\/kpi.png\" alt=\"Production KPI Image\">\n            <h3>Produ\u00e7\u00e3o<\/h3>\n            <p class=\"description\">Gerir eficazmente os seus processos de produ\u00e7\u00e3o com o nosso m\u00f3dulo intuitivo.<\/p>\n        <\/a>\n\t\t<\/div>\n\t\t<div class=\"item\">\n        <a href=\"https:\/\/miit-informain.com\/pt\/intgraal-integrated-maintenance-operations-management\/\">\n            <img decoding=\"async\" src=\"https:\/\/miit-informain.com\/wp-content\/uploads\/2024\/11\/maintenance-scaled.jpg\" alt=\"Maintenance Image\">\n            <h3>Manuten\u00e7\u00e3o<\/h3>\n            <p class=\"description\">Assegure o bom funcionamento do seu equipamento com as nossas solu\u00e7\u00f5es de manuten\u00e7\u00e3o.<\/p>\n        <\/a>\n\t\t<\/div>\n\t\t\n\t\t<div class=\"item\">\n        <a href=\"https:\/\/miit-informain.com\/pt\/intgraal-management-of-works-contracts-and-acquisition-of-goods-and-services-ccp\/\">\n            <img decoding=\"async\" src=\"https:\/\/miit-informain.com\/wp-content\/uploads\/2024\/10\/bernd-dittrich-bUnsDLFRNWc-unsplash.jpg\" alt=\"Public Tenders Image\">\n            <h3>Concurso P\u00fablico<\/h3>\n            <p class=\"description\">Simplifique o seu processo de concursos p\u00fablicos com as nossas ferramentas completas.<\/p>\n        <\/a>\n\t\t<\/div>\n\t\t\n    <\/div>\n\t<\/div>\n\t<\/div>\n\n<\/body>\n<\/html>\n\n\n\n<p><\/p>\n<\/div>","protected":false},"excerpt":{"rendered":"<p>Tailored and customized Software for different applications We have developed software with over twenty years&#8217; experience to support and manage operations in the industrial, agro-forestry and service provision sectors in the private or public sector. Its simple and intuitive-to-use interfaces receive and articulate information from various sources that are used to support and optimise day-to-day [&hellip;]<\/p>","protected":false},"author":1,"featured_media":0,"parent":0,"menu_order":0,"comment_status":"closed","ping_status":"closed","template":"","meta":{"footnotes":""},"class_list":["post-2167","page","type-page","status-publish","hentry"],"_links":{"self":[{"href":"https:\/\/miit-informain.com\/pt\/wp-json\/wp\/v2\/pages\/2167","targetHints":{"allow":["GET"]}}],"collection":[{"href":"https:\/\/miit-informain.com\/pt\/wp-json\/wp\/v2\/pages"}],"about":[{"href":"https:\/\/miit-informain.com\/pt\/wp-json\/wp\/v2\/types\/page"}],"author":[{"embeddable":true,"href":"https:\/\/miit-informain.com\/pt\/wp-json\/wp\/v2\/users\/1"}],"replies":[{"embeddable":true,"href":"https:\/\/miit-informain.com\/pt\/wp-json\/wp\/v2\/comments?post=2167"}],"version-history":[{"count":70,"href":"https:\/\/miit-informain.com\/pt\/wp-json\/wp\/v2\/pages\/2167\/revisions"}],"predecessor-version":[{"id":3875,"href":"https:\/\/miit-informain.com\/pt\/wp-json\/wp\/v2\/pages\/2167\/revisions\/3875"}],"wp:attachment":[{"href":"https:\/\/miit-informain.com\/pt\/wp-json\/wp\/v2\/media?parent=2167"}],"curies":[{"name":"wp","href":"https:\/\/api.w.org\/{rel}","templated":true}]}}