{"id":2184,"date":"2024-10-21T17:01:27","date_gmt":"2024-10-21T16:01:27","guid":{"rendered":"http:\/\/192.168.10.70\/intgraal-management-of-works-contracts-and-acquisition-of-goods-and-services-ccp-2\/"},"modified":"2025-01-10T10:34:20","modified_gmt":"2025-01-10T10:34:20","slug":"intgraal-integrated-production-operations-management","status":"publish","type":"page","link":"https:\/\/miit-informain.com\/pt\/intgraal-integrated-production-operations-management\/","title":{"rendered":"Int&#8217;Graal &#8211; Integrated Production Operations Management"},"content":{"rendered":"<div class=\"wp-block-group has-global-padding is-layout-constrained wp-block-group-is-layout-constrained\" style=\"padding-top:var(--wp--preset--spacing--superbspacing-medium);padding-bottom:var(--wp--preset--spacing--superbspacing-medium)\">\n<div class=\"wp-block-cover is-light\" style=\"border-radius:20px;min-height:484px;aspect-ratio:unset;\"><span aria-hidden=\"true\" class=\"wp-block-cover__background has-contrast-dark-background-color has-background-dim-30 has-background-dim\"><\/span><img fetchpriority=\"high\" decoding=\"async\" width=\"2560\" height=\"1707\" class=\"wp-block-cover__image-background wp-image-2254\" alt=\"\" src=\"https:\/\/miit-informain.com\/wp-content\/uploads\/2024\/10\/patrick-perkins-ETRPjvb0KM0-unsplash-scaled.jpg\" data-object-fit=\"cover\" srcset=\"https:\/\/miit-informain.com\/wp-content\/uploads\/2024\/10\/patrick-perkins-ETRPjvb0KM0-unsplash-scaled.jpg 2560w, https:\/\/miit-informain.com\/wp-content\/uploads\/2024\/10\/patrick-perkins-ETRPjvb0KM0-unsplash-300x200.jpg 300w, https:\/\/miit-informain.com\/wp-content\/uploads\/2024\/10\/patrick-perkins-ETRPjvb0KM0-unsplash-1024x683.jpg 1024w, https:\/\/miit-informain.com\/wp-content\/uploads\/2024\/10\/patrick-perkins-ETRPjvb0KM0-unsplash-768x512.jpg 768w, https:\/\/miit-informain.com\/wp-content\/uploads\/2024\/10\/patrick-perkins-ETRPjvb0KM0-unsplash-1536x1024.jpg 1536w, https:\/\/miit-informain.com\/wp-content\/uploads\/2024\/10\/patrick-perkins-ETRPjvb0KM0-unsplash-2048x1365.jpg 2048w, https:\/\/miit-informain.com\/wp-content\/uploads\/2024\/10\/patrick-perkins-ETRPjvb0KM0-unsplash-18x12.jpg 18w\" sizes=\"(max-width: 2560px) 100vw, 2560px\" \/><div class=\"wp-block-cover__inner-container is-layout-flow wp-block-cover-is-layout-flow\">\n<h1 class=\"wp-block-heading has-text-align-center has-contrast-light-color has-text-color has-link-color has-superbfont-xxlarge-font-size wp-elements-428aaabf20924401a0715a28095adfa8\">Int'Graal - Gest\u00e3o Integrada de Opera\u00e7\u00f5es de Produ\u00e7\u00e3o<\/h1>\n<\/div><\/div>\n<\/div>\n\n\n\n<div class=\"wp-block-group has-global-padding is-layout-constrained wp-block-group-is-layout-constrained\"><\/div>\n\n\n\n<div class=\"wp-block-group has-mono-4-background-color has-background has-global-padding is-layout-constrained wp-container-core-group-is-layout-3 wp-block-group-is-layout-constrained\" style=\"padding-top:var(--wp--preset--spacing--superbspacing-xlarge);padding-bottom:var(--wp--preset--spacing--superbspacing-xlarge)\">\n<h6 class=\"wp-block-heading\">Int&#8217;Graal&#8217;s Integrated Production Operations Management module makes it possible to manage an organisation&#8217;s activities, from the commercial area to the production of goods or services, with all the administrative and financial management components. It is a specialised tool that combines the capabilities of, Customer management (CRM), Current operations management (ERP), Works management and Project management.<\/h6>\n<\/div>\n\n\n\n<p><br><\/p>\n\n\n\n<!DOCTYPE html>\n<html lang=\"en\">\n<head>\n<meta charset=\"UTF-8\">\n<meta name=\"viewport\" content=\"width=device-width, initial-scale=1.0\">\n  <title>Int\u2019Graal \u2013 Integrated Production Operations Management Features<\/title>\t\n  <style>\n  \/* Configura\u00e7\u00f5es gerais *\/\t\n  * {\n  box-sizing: border-box;\t\n  margin: 0;\t\n  padding: 0;\t\n  }\t\n  body, html {\n  height: 100%;\n  display: flex;\n  flex-direction: column;\n  }\t  \n  \/* Configura\u00e7\u00e3o do conte\u00fado principal *\/\n  .content {\t  \n  flex: 1;\t  \n  display: flex;\t\n  flex-direction: column;\n  }\t  \n  h2 {\t \n  text-align: center;\n  padding: 20px 0;\t \n  }\t  \n  \/* Configura\u00e7\u00f5es para as se\u00e7\u00f5es *\/\t \n  .section-wrapper {\n  width: 100vw;\t\n  margin-left: calc(50% - 50vw);\t  \n  padding: 20px 0;\t\n  }\t  \n  .features-section {\t\n  background-color: #ffffff;\t\n  }\t  \n  \/* Configura\u00e7\u00e3o dos containers *\/\n  .container {\n  max-width: 1200px;\n  margin: 0 auto;\n  padding: 20px;\t  \n  display: grid;\t  \n  grid-template-columns: repeat(auto-fit, minmax(300px, 1fr));\n  gap: 20px;\t  \n  }\t  \n  \/* Estilo de cada item *\/\t\n  .item {\t  \n  background-color: #f8fafc;\n  border: 1px solid #ddd;\t  \n  border-radius: 10px;\n  padding: 20px;\n  transition: transform 0.3s ease, box-shadow 0.3s ease;\n  text-align: center;\t  \n  overflow: hidden;\t  \n  cursor: pointer;\t  \n  color: #333;\t  \n  }\t  \n  .item h3 {\t \n  font-size: 1.2em;\t  \n  margin: 0 0 10px;\t \n  }\t  \n  \/* Estilo da imagem *\/\t  \n  .item img {\t  \n  display: block;\t\n  max-width: 100%;\t  \n  height: 245px;\t  \n  margin-bottom: 10px;\t\n  border-radius: 8px;\t  \n  }\t \n  \/* Conte\u00fado sempre visivel *\/\t \n  .description {\t  \n  display: block;\t  \n  font-size: 0.9em;\t  \n  margin-top: 10px;\t  \n  color: #555;\t \n  }\t  \n  \/* Estilo ao clicar para expandir *\/\n  .item.active .description {\t\n  display: block;\n  }\t  \n  \/* Exibir a imagem quando o item estiver ativo\n  .item.active img {\n  display: block;\t  \n  }\t  \n  .item:hover {\t\n  transform: scale(1.03);\n  box-shadow: 0 4px 8px rgba(0, 0, 0, 0.2);\t \n  }\t  }\n  <\/style>\t  \n  <script>\t  \n  document.addEventListener(\"DOMContentLoaded\", function() {\n  const items = document.querySelectorAll(\".item\");\t\n  items.forEach(item => {\n  item.addEventListener(\"click\", function() {\n  this.classList.toggle(\"active\");\t  \n  });\t  \n  });\t  \n  });\t  \n  <\/script>\t  \n <\/head>\t \n <body>\t \n <div class=\"content\">\t \n  <div class=\"section-wrapper features-section\">\t  \n  <h2>Funcionalidades<\/h2>\t  \n  <div class=\"container\">\t  \n  <div class=\"item\">\n  <h3>Gest\u00e3o Comercial <\/h3>\t  \n  <p class=\"description\">Fluxo configur\u00e1vel com oportunidades comerciais, or\u00e7amentos e propostas.<\/p>\t\n  <\/div>\n  <div class=\"item\">\n  <h3>Entidades<\/h3>\n  <p class=\"description\">Caracteriza\u00e7\u00e3o de fornecedores, clientes , bancos, entidades publicas etc.<\/p>\n  <\/div>\t \n  <div class=\"item\">\n  <h3>Propostas<\/h3>\n  <p class=\"description\">Propostas sustentadas em or\u00e7amentos, previamente configuradas. <\/p>\n  <\/div>\n  <div class=\"item\">\n  <h3>Or\u00e7amentos<\/h3>\n  <p class=\"description\">Lista de quantidades e pre\u00e7os de materiais e servi\u00e7os associada a fornecedores, parametriz\u00e1veis.<\/p>\n  <\/div>  \n  <div class=\"item\"> \t  \n  <h3>Plano de necessidades de Materiais (MRP)<\/h3>\t\n  <p class=\"description\">Lista de materiais e servi\u00e7os associadas a materializa\u00e7\u00e3o de um or\u00e7amento, ou obra. Configura aprovisionamentos e tesouraria.<\/p>\t  \n  <\/div>\n  <div class=\"item\">\n  <h3>Stocks, movimentos de Materiais e armaz\u00e9ns<\/h3>\n  <p class=\"description\">Gest\u00e3o de stocks e de armaz\u00e9ns, movimentos de entrada e sa\u00edda, custeio.<\/p>\n  <\/div>\t  \n  <div class=\"item\">\n  <h3>Org\u00e2nicas e meios humanos <\/h3>\n  <p class=\"description\">Oficinas ou centros prestadores de trabalho e meios internos e externos alocados.<\/p>\n  <\/div>\n  <div class=\"item\">\n  <h3>Configura\u00e7\u00e3o de Produtos<\/h3>\n  <p class=\"description\">Configura\u00e7\u00e3o de estrutura hier\u00e1rquica de produtos e servi\u00e7os numa abordagem granular.<\/p>\t\n  <\/div>\n  <div class=\"item\">\n  <h3>Aprovisionamentos <\/h3>\n  <p class=\"description\">Consultas ,encomendas e pedidos de compra. com fluxo configur\u00e1vel.<\/p>\n  <\/div>\t  \n  <div class=\"item\"> \t  \n  <h3>Planeamento e Programa\u00e7\u00e3o<\/h3>\n  <p class=\"description\"> Planeamento e programa\u00e7\u00e3o das obras de produ\u00e7\u00e3o, alocando materiais, m\u00e3o de obra e servi\u00e7os. <\/p>\n  <\/div>\n  <div class=\"item\">\n  <h3>Gest\u00e3o de Obras<\/h3>\n   <p class=\"description\">Obras acompanhadas em termos da calendariza\u00e7\u00e3o e aloca\u00e7\u00e3o de meios humanos servi\u00e7os e materiais.<\/p>\n <\/div>\n <div class=\"item\"> \n <h3>Projetos <\/h3>\n <p class=\"description\">Projetos de investimento, com ou sem apoio financeiro, sobre workflow configur\u00e1vel, e controlo de execu\u00e7\u00e3o f\u00edsica e financeira.<\/p>\n<\/div>\t\n <div class=\"item\">  \n  <h3>Gest\u00e3o Documental<\/h3>\n  <p class=\"description\">Ferramenta que suporta, cadastra e gera documentos.<\/p>\n  <\/div>\n  <div class=\"item\"> \n  <h3>Informa\u00e7\u00e3o sobre a evolu\u00e7\u00e3o da obras <\/h3> \n  <p class=\"description\">Vis\u00e3o r\u00e1pida sobre a execu\u00e7\u00e3o das obras por reporte fotogr\u00e1fico ou via um relat\u00f3rio expedito de evolu\u00e7\u00e3o.<\/p>\n <\/div>\n <div class=\"item\"> \n  <h3>Comunica\u00e7\u00f5es<\/h3> \n  <p class=\"description\">Contactos recebidos\/ efetuados em contextos comercial, de obra, etc. e de tickets.<\/p>\n <\/div>\n <div class=\"item\">\n  <h3>Gest\u00e3o de fornecedores e controlo de qualidade<\/h3> \n  <p class=\"description\">Avalia\u00e7\u00e3o dos fornecedores em termos de pre\u00e7o, prazo e qualidade, e sugere as alternativas.<\/p>\n <\/div>\n <div class=\"item\"> \n  <h3>Sistema de Gest\u00e3o de Qualidade<\/h3> \n  <p class=\"description\">Processos de gest\u00e3o de qualidade, documenta\u00e7\u00e3o, mapas e indicadores relevantes. Auditorias, n\u00e3o conformidades e a\u00e7\u00f5es corretivas e as a\u00e7\u00f5es preventivas.<\/p>\n <\/div>\n  <\/div>\t\n   <\/div>\t\n    <\/div>\t\n     <\/body>\n      <\/html>\n\n\n\n<p>&nbsp;<\/p>","protected":false},"excerpt":{"rendered":"<p>Int&#8217;Graal&#8217;s Integrated Production Operations Management module makes it possible to manage an organisation&#8217;s activities, from the commercial area to the production of goods or services, with all the administrative and financial management components. It is a specialised tool that combines the capabilities of, Customer management (CRM), Current operations management (ERP), Works management and Project management. [&hellip;]<\/p>","protected":false},"author":1,"featured_media":0,"parent":0,"menu_order":0,"comment_status":"closed","ping_status":"closed","template":"","meta":{"footnotes":""},"class_list":["post-2184","page","type-page","status-publish","hentry"],"_links":{"self":[{"href":"https:\/\/miit-informain.com\/pt\/wp-json\/wp\/v2\/pages\/2184","targetHints":{"allow":["GET"]}}],"collection":[{"href":"https:\/\/miit-informain.com\/pt\/wp-json\/wp\/v2\/pages"}],"about":[{"href":"https:\/\/miit-informain.com\/pt\/wp-json\/wp\/v2\/types\/page"}],"author":[{"embeddable":true,"href":"https:\/\/miit-informain.com\/pt\/wp-json\/wp\/v2\/users\/1"}],"replies":[{"embeddable":true,"href":"https:\/\/miit-informain.com\/pt\/wp-json\/wp\/v2\/comments?post=2184"}],"version-history":[{"count":66,"href":"https:\/\/miit-informain.com\/pt\/wp-json\/wp\/v2\/pages\/2184\/revisions"}],"predecessor-version":[{"id":3804,"href":"https:\/\/miit-informain.com\/pt\/wp-json\/wp\/v2\/pages\/2184\/revisions\/3804"}],"wp:attachment":[{"href":"https:\/\/miit-informain.com\/pt\/wp-json\/wp\/v2\/media?parent=2184"}],"curies":[{"name":"wp","href":"https:\/\/api.w.org\/{rel}","templated":true}]}}