{"id":2479,"date":"2024-10-25T13:02:49","date_gmt":"2024-10-25T12:02:49","guid":{"rendered":"http:\/\/192.168.10.70\/?page_id=2479"},"modified":"2025-02-05T13:51:59","modified_gmt":"2025-02-05T13:51:59","slug":"reliability-engineer","status":"publish","type":"page","link":"https:\/\/miit-informain.com\/pt\/careers\/reliability-engineer\/","title":{"rendered":"Engenheiro de Fiabilidade"},"content":{"rendered":"<div class=\"wp-block-group has-global-padding is-layout-constrained wp-block-group-is-layout-constrained\">\n<figure class=\"wp-block-image size-large is-resized\"><img fetchpriority=\"high\" decoding=\"async\" width=\"1024\" height=\"683\" src=\"https:\/\/miit-informain.com\/wp-content\/uploads\/2024\/10\/front-end-developer-1024x683.jpg\" alt=\"front end developer\" class=\"wp-image-2471\" style=\"width:571px;height:auto\" srcset=\"https:\/\/miit-informain.com\/wp-content\/uploads\/2024\/10\/front-end-developer-1024x683.jpg 1024w, https:\/\/miit-informain.com\/wp-content\/uploads\/2024\/10\/front-end-developer-300x200.jpg 300w, https:\/\/miit-informain.com\/wp-content\/uploads\/2024\/10\/front-end-developer-768x512.jpg 768w, https:\/\/miit-informain.com\/wp-content\/uploads\/2024\/10\/front-end-developer-1536x1025.jpg 1536w, https:\/\/miit-informain.com\/wp-content\/uploads\/2024\/10\/front-end-developer-18x12.jpg 18w, https:\/\/miit-informain.com\/wp-content\/uploads\/2024\/10\/front-end-developer.jpg 1920w\" sizes=\"(max-width: 1024px) 100vw, 1024px\" \/><\/figure>\n<\/div>\n\n\n\n<div class=\"wp-block-group has-global-padding is-layout-constrained wp-block-group-is-layout-constrained\">\n<h2 class=\"wp-block-heading\"><strong>Engenheiro de Fiabilidade<\/strong><\/h2>\n<\/div>\n\n\n\n<div class=\"wp-block-group has-global-padding is-layout-constrained wp-block-group-is-layout-constrained\">\n<p><strong>Esta fun\u00e7\u00e3o \u00e9 presencial<\/strong><\/p>\n<\/div>\n\n\n\n<div class=\"wp-block-group has-global-padding is-layout-constrained wp-block-group-is-layout-constrained\">\n<p>Estamos \u00e0 procura de um Engenheiro de Fiabilidade para colaborar com os clientes, tirando partido das suas compet\u00eancias t\u00e9cnicas para melhorar a disponibilidade e a capacidade de manuten\u00e7\u00e3o dos seus equipamentos e sistemas.<\/p>\n\n\n\n<p><strong>Descri\u00e7\u00e3o geral da fun\u00e7\u00e3o:<\/strong><br>Como Engenheiro de Fiabilidade, trabalhar\u00e1 diretamente com os clientes para analisar e melhorar a fiabilidade dos seus sistemas mec\u00e2nicos e el\u00e9ctricos. Ao empregar metodologias baseadas em dados e pr\u00e1ticas avan\u00e7adas de fiabilidade, identificar\u00e1 riscos potenciais, recomendar\u00e1 melhorias e implementar\u00e1 estrat\u00e9gias que se alinham com os objectivos operacionais de cada cliente.<\/p>\n\n\n\n<p><strong>Responsabilidades principais:<\/strong><\/p>\n\n\n\n<ul class=\"wp-block-list\">\n<li>Colaborar com os clientes para avaliar a fiabilidade e o desempenho das suas aplica\u00e7\u00f5es industriais.<\/li>\n\n\n\n<li>Realizar estudos de fiabilidade, incluindo a an\u00e1lise dos modos de falha e dos efeitos (FMEA) e a manuten\u00e7\u00e3o centrada na fiabilidade (RCM).<\/li>\n\n\n\n<li>Analisar os dados do equipamento para identificar tend\u00eancias, causas principais de falhas e oportunidades de melhoria.<\/li>\n\n\n\n<li>Desenvolver e recomendar estrat\u00e9gias de manuten\u00e7\u00e3o para aumentar a disponibilidade e o ciclo de vida do equipamento do cliente.<\/li>\n<\/ul>\n\n\n\n<p><strong>O que procuramos:<\/strong><\/p>\n\n\n\n<ul class=\"wp-block-list\">\n<li>Experi\u00eancia comprovada em engenharia de fiabilidade.<\/li>\n\n\n\n<li>Experi\u00eancia na an\u00e1lise e melhoria de sistemas mec\u00e2nicos e el\u00e9ctricos industriais.<\/li>\n\n\n\n<li>Profici\u00eancia em ferramentas e metodologias de engenharia de fiabilidade, tais como FMEA, RCM e an\u00e1lise da causa raiz.<\/li>\n\n\n\n<li>Forte capacidade de resolu\u00e7\u00e3o de problemas e de desenvolver solu\u00e7\u00f5es pr\u00e1ticas adaptadas \u00e0s necessidades dos clientes.<\/li>\n\n\n\n<li>Capacidade excecional de comunica\u00e7\u00e3o e de relacionamento interpessoal para estabelecer rela\u00e7\u00f5es s\u00f3lidas com os clientes.<\/li>\n\n\n\n<li>Licenciatura ou mestrado em engenharia ou numa \u00e1rea relacionada (preferencialmente mec\u00e2nica, el\u00e9ctrica ou industrial).<\/li>\n<\/ul>\n\n\n\n<p><strong>O que oferecemos:<\/strong><\/p>\n\n\n\n<ul class=\"wp-block-list\">\n<li>A oportunidade de trabalhar em diversos projectos com organiza\u00e7\u00f5es l\u00edderes em v\u00e1rios sectores.<\/li>\n\n\n\n<li>Sal\u00e1rio competitivo e pacote de benef\u00edcios abrangente.<\/li>\n\n\n\n<li>Oportunidades de crescimento profissional e certifica\u00e7\u00e3o.<\/li>\n\n\n\n<li>Um ambiente din\u00e2mico e colaborativo que valoriza a inova\u00e7\u00e3o e o sucesso do cliente.<\/li>\n<\/ul>\n\n\n\n<div class=\"wp-block-group has-global-padding is-layout-constrained wp-block-group-is-layout-constrained\">\n<!DOCTYPE html>\n<html lang=\"en\">\n<head>\n    <meta charset=\"UTF-8\">\n    <meta name=\"viewport\" content=\"width=device-width, initial-scale=1.0\">\n    <title>Apply for the Job<\/title>\n    <style>\n        .apply-button {\n            padding: 10px 20px;\n            font-size: 1em;\n            color: #fff;\n            background-color: #0073e6;\n            border: none;\n            border-radius: 5px;\n            cursor: pointer;\n            transition: background-color 0.3s;\n        }\n        .apply-button:hover {\n            background-color: #005bb5;\n        }\n        .modal {\n            display: none;\n            position: fixed;\n            z-index: 1000;\n            left: 0;\n            top: 0;\n            width: 100%;\n            height: 100%;\n            background-color: rgba(0, 0, 0, 0.8);\n            justify-content: center;\n            align-items: center;\n        }\n        .modal-content {\n            background-color: #fff;\n            padding: 20px;\n            border-radius: 10px;\n            width: 100%;\n            max-width: 600px;\n            position: relative;\n        }\n        .close-modal {\n            position: absolute;\n            top: 10px;\n            right: 10px;\n            cursor: pointer;\n            font-size: 1.2em;\n            font-weight: bold;\n            color: #555;\n        }\n        .form-group {\n            margin-bottom: 10px;\n            flex: 1;\n        }\n        .form-row {\n            display: flex;\n            gap: 30px;\n            margin-bottom: 10px;\n        }\n        .form-group label {\n            display: block;\n            font-weight: bold;\n            margin-bottom: 5px;\n        }\n        .form-group input {\n            width: calc(100% - 10px);\n            height: 20px;\n            padding: 5px;\n            border: 1px solid #ddd;\n            border-radius: 5px;\n        }\n        .submit-button {\n            padding: 10px 20px;\n            font-size: 1em;\n            color: #fff;\n            background-color: #28a745;\n            border: none;\n            border-radius: 5px;\n            cursor: pointer;\n            transition: background-color 0.3s;\n        }\n        .submit-button:hover {\n            background-color: #218838;\n        }\n        #responseMessage {\n            display: none;\n            margin-top: 20px;\n            font-size: 1.1em;\n        }\n    <\/style>\n    <script src=\"https:\/\/challenges.cloudflare.com\/turnstile\/v0\/api.js\" async defer><\/script>\n<\/head>\n<body>\n\n<button class=\"apply-button\" onclick=\"openModal()\">Candidata-te<\/button>\n\n<!-- Application Modal -->\n<div class=\"modal\" id=\"applicationModal\">\n    <div class=\"modal-content\">\n        <span class=\"close-modal\" onclick=\"closeModal()\">&times;<\/span>\n        <h2 id=\"formTitle\">Fill this form to apply for the job<\/h2>\n        <form id=\"jobApplicationForm\" enctype=\"multipart\/form-data\" action=\"\">\n            <div class=\"form-row\">\n                <div class=\"form-group\">\n                    <label for=\"name\">Nome <span style=\"color:red\">*<\/span><\/label>\n                    <input type=\"text\" id=\"name\" name=\"name\" required>\n                <\/div>\n                <div class=\"form-group\">\n                    <label for=\"surname\">Apelido <span style=\"color:red\">*<\/span><\/label>\n                    <input type=\"text\" id=\"surname\" name=\"surname\" required>\n                <\/div>\n            <\/div>\n            <div class=\"form-row\">\n                <div class=\"form-group\">\n                    <label for=\"email\">Email <span style=\"color:red\">*<\/span><\/label>\n                    <input type=\"email\" id=\"email\" name=\"email\" required>\n                <\/div>\n                <div class=\"form-group\">\n                    <label for=\"phone\">Telem\u00f3vel <span style=\"color:red\">*<\/span><\/label>\n                    <input type=\"tel\" id=\"phone\" name=\"phone\" required>\n                <\/div>\n            <\/div>\n            <div class=\"form-row\">\n                <div class=\"form-group\">\n                    <label for=\"resume\">Upload CV (Max: 20 MB) <span style=\"color:red\">*<\/span><\/label>\n                    <input type=\"file\" id=\"resume\" name=\"resume\" required>\n                <\/div>\n            <\/div>\n\n           \n            <div class=\"cf-turnstile\" data-sitekey=\"0x4AAAAAAA5PzL9XCCVkeQG3\"><\/div>\n\n            <button type=\"submit\" class=\"submit-button\">Submeter Candidatura<\/button>\n        <input type=\"hidden\" name=\"trp-form-language\" value=\"pt\"\/><\/form>\n        <div id=\"responseMessage\"><\/div>\n    <\/div>\n<\/div>\n\n<script>\n    function openModal() {\n        document.getElementById('applicationModal').style.display = 'flex';\n    }\n\n    function closeModal() {\n        document.getElementById('applicationModal').style.display = 'none';\n        document.getElementById('jobApplicationForm').reset(); \n        document.getElementById('responseMessage').style.display = 'none'; \n        document.getElementById('responseMessage').innerHTML = ''; \n        document.getElementById('formTitle').style.display = 'block';\n    }\n\n    window.onclick = function (event) {\n        var modal = document.getElementById('applicationModal');\n        if (event.target == modal) {\n            closeModal();\n        }\n    };\n\n    document.getElementById('jobApplicationForm').onsubmit = function (e) {\n        e.preventDefault();\n        \n        const phoneInput = document.getElementById('phone').value.trim();\n\n        if (phoneInput !== '' && !\/^(91|92|93|96)\\d{7}$\/.test(phoneInput)) {\n            alert('Please insert a valid portuguese phone number (without +351)');\n            return;\n        }\n\n        const turnstileResponse = document.querySelector('[name=\"cf-turnstile-response\"]');\n\n        if (!turnstileResponse || !turnstileResponse.value) {\n            alert('Please complete the CAPTCHA to proceed.');\n            return;\n        }\n\n        const formData = new FormData(this);\n\n        \n        const pageTitle = document.title;\n        const position = pageTitle.split(\" \u2013 \")[0]; \n        formData.append('position', position); \n\n        fetch('\/call_submit.php', {\n            method: 'POST',\n            body: formData,\n        })\n        .then((response) => response.text())\n        .then((data) => {\n            document.getElementById('formTitle').style.display = 'none';\n            document.getElementById('responseMessage').style.display = 'block';\n            document.getElementById('responseMessage').innerHTML = data;\n        })\n        .catch((error) => {\n            console.error('Error:', error);\n            document.getElementById('responseMessage').innerHTML = 'An error occurred during submission.';\n            document.getElementById('responseMessage').style.display = 'block';\n        });\n    };\n<\/script>\n<\/body>\n<\/html>\n<\/div>\n<\/div>\n\n\n\n<p><\/p>\n\n\n\n<p><\/p>","protected":false},"excerpt":{"rendered":"<p>Reliability Engineer This is an in person role. We are seeking a Reliability Engineer to collaborate with clients, leveraging your technical skills to improve the availability and maintainability of their equipment and systems. Role Overview:As a Reliability Engineer, you will work directly with clients to analyze and enhance the reliability of their mechanical and electrical [&hellip;]<\/p>","protected":false},"author":1,"featured_media":0,"parent":2466,"menu_order":0,"comment_status":"closed","ping_status":"closed","template":"","meta":{"footnotes":""},"class_list":["post-2479","page","type-page","status-publish","hentry"],"_links":{"self":[{"href":"https:\/\/miit-informain.com\/pt\/wp-json\/wp\/v2\/pages\/2479","targetHints":{"allow":["GET"]}}],"collection":[{"href":"https:\/\/miit-informain.com\/pt\/wp-json\/wp\/v2\/pages"}],"about":[{"href":"https:\/\/miit-informain.com\/pt\/wp-json\/wp\/v2\/types\/page"}],"author":[{"embeddable":true,"href":"https:\/\/miit-informain.com\/pt\/wp-json\/wp\/v2\/users\/1"}],"replies":[{"embeddable":true,"href":"https:\/\/miit-informain.com\/pt\/wp-json\/wp\/v2\/comments?post=2479"}],"version-history":[{"count":62,"href":"https:\/\/miit-informain.com\/pt\/wp-json\/wp\/v2\/pages\/2479\/revisions"}],"predecessor-version":[{"id":4028,"href":"https:\/\/miit-informain.com\/pt\/wp-json\/wp\/v2\/pages\/2479\/revisions\/4028"}],"up":[{"embeddable":true,"href":"https:\/\/miit-informain.com\/pt\/wp-json\/wp\/v2\/pages\/2466"}],"wp:attachment":[{"href":"https:\/\/miit-informain.com\/pt\/wp-json\/wp\/v2\/media?parent=2479"}],"curies":[{"name":"wp","href":"https:\/\/api.w.org\/{rel}","templated":true}]}}