{"id":2496,"date":"2024-10-25T13:12:44","date_gmt":"2024-10-25T12:12:44","guid":{"rendered":"http:\/\/192.168.10.70\/careers\/human-resources-2\/"},"modified":"2025-02-05T13:51:31","modified_gmt":"2025-02-05T13:51:31","slug":"condition-monitoring-specialist","status":"publish","type":"page","link":"https:\/\/miit-informain.com\/pt\/careers\/condition-monitoring-specialist\/","title":{"rendered":"Especialista em Controlo de Condi\u00e7\u00e3o"},"content":{"rendered":"<div class=\"wp-block-group has-global-padding is-layout-constrained wp-block-group-is-layout-constrained\">\n<figure class=\"wp-block-image size-large is-resized\"><img fetchpriority=\"high\" decoding=\"async\" width=\"1024\" height=\"683\" src=\"https:\/\/miit-informain.com\/wp-content\/uploads\/2024\/11\/frequency-1024x683.jpg\" alt=\"\" class=\"wp-image-3098\" style=\"width:571px;height:auto\" srcset=\"https:\/\/miit-informain.com\/wp-content\/uploads\/2024\/11\/frequency-1024x683.jpg 1024w, https:\/\/miit-informain.com\/wp-content\/uploads\/2024\/11\/frequency-300x200.jpg 300w, https:\/\/miit-informain.com\/wp-content\/uploads\/2024\/11\/frequency-768x512.jpg 768w, https:\/\/miit-informain.com\/wp-content\/uploads\/2024\/11\/frequency-1536x1024.jpg 1536w, https:\/\/miit-informain.com\/wp-content\/uploads\/2024\/11\/frequency-18x12.jpg 18w, https:\/\/miit-informain.com\/wp-content\/uploads\/2024\/11\/frequency.jpg 1920w\" sizes=\"(max-width: 1024px) 100vw, 1024px\" \/><\/figure>\n<\/div>\n\n\n\n<div class=\"wp-block-group has-global-padding is-layout-constrained wp-block-group-is-layout-constrained\">\n<h2 class=\"wp-block-heading\"><strong>Especialista em Controlo de Condi\u00e7\u00e3o<\/strong><\/h2>\n<\/div>\n\n\n\n<div class=\"wp-block-group has-global-padding is-layout-constrained wp-block-group-is-layout-constrained\">\n<p><strong>Esta fun\u00e7\u00e3o \u00e9 presencial<\/strong><\/p>\n\n\n\n<p>Estamos \u00e0 procura de um especialista em monitoriza\u00e7\u00e3o de condi\u00e7\u00f5es para se juntar \u00e0 nossa equipa e contribuir para as nossas iniciativas de manuten\u00e7\u00e3o preditiva.<\/p>\n\n\n\n<p><strong>Descri\u00e7\u00e3o geral da fun\u00e7\u00e3o:<\/strong><br>O especialista em monitoriza\u00e7\u00e3o de condi\u00e7\u00f5es desempenhar\u00e1 um papel vital para garantir a fiabilidade e o desempenho ideal das nossas m\u00e1quinas e equipamentos. Utilizando t\u00e9cnicas de diagn\u00f3stico avan\u00e7adas, como a an\u00e1lise de vibra\u00e7\u00f5es, a termografia e as inspec\u00e7\u00f5es por ultra-sons, o especialista identificar\u00e1 e mitigar\u00e1 potenciais problemas antes de se tornarem cr\u00edticos, conduzindo \u00e0 redu\u00e7\u00e3o de custos e ao tempo de funcionamento.<\/p>\n\n\n\n<p><strong>Responsabilidades principais:<\/strong><\/p>\n\n\n\n<ul class=\"wp-block-list\">\n<li>Efetuar an\u00e1lises de vibra\u00e7\u00f5es para detectar desalinhamentos, desequil\u00edbrios e defeitos de rolamentos em m\u00e1quinas rotativas.<\/li>\n\n\n\n<li>Utilizar imagens termogr\u00e1ficas para identificar anomalias relacionadas com a temperatura em sistemas mec\u00e2nicos e el\u00e9ctricos.<\/li>\n\n\n\n<li>Realizar testes de ultra-sons para localizar fugas, detectar o desgaste dos rolamentos e diagnosticar outros problemas potenciais.<\/li>\n\n\n\n<li>Analisar dados de diagn\u00f3stico e fornecer recomenda\u00e7\u00f5es acion\u00e1veis atrav\u00e9s de relat\u00f3rios t\u00e9cnicos detalhados.<\/li>\n\n\n\n<li>Manter as linhas de base do desempenho do equipamento e desenvolver an\u00e1lises de tend\u00eancias para monitoriza\u00e7\u00e3o a longo prazo.<\/li>\n\n\n\n<li>Colaborar com as equipas de manuten\u00e7\u00e3o e de opera\u00e7\u00f5es para definir as prioridades das ac\u00e7\u00f5es preventivas e corretivas.<\/li>\n<\/ul>\n\n\n\n<p><strong>O que procuramos:<\/strong><\/p>\n\n\n\n<ul class=\"wp-block-list\">\n<li>M.Sc. ou B.Sc. com experi\u00eancia relevante em engenharia mec\u00e2nica ou eletrot\u00e9cnica ou experi\u00eancia relevante na ind\u00fastria no dom\u00ednio da inspe\u00e7\u00e3o<\/li>\n\n\n\n<li>Experi\u00eancia comprovada em monitoriza\u00e7\u00e3o de condi\u00e7\u00f5es ou manuten\u00e7\u00e3o preditiva.<\/li>\n\n\n\n<li>Especializa\u00e7\u00e3o em an\u00e1lise de vibra\u00e7\u00f5es, termografia e t\u00e9cnicas de ultra-sons.<\/li>\n\n\n\n<li>Forte conhecimento de sistemas mec\u00e2nicos, equipamento rotativo e componentes el\u00e9ctricos.<\/li>\n\n\n\n<li>Profici\u00eancia em ferramentas de diagn\u00f3stico e software de an\u00e1lise de dados.<\/li>\n\n\n\n<li>Excelentes capacidades de resolu\u00e7\u00e3o de problemas e capacidade de comunicar claramente as conclus\u00f5es.<\/li>\n\n\n\n<li>Uma pessoa orientada para a equipa com uma abordagem proactiva para identificar e resolver desafios.<\/li>\n<\/ul>\n\n\n\n<p><strong>Qualifica\u00e7\u00f5es desej\u00e1veis:<\/strong><\/p>\n\n\n\n<ul class=\"wp-block-list\">\n<li>Experi\u00eancia no sector industrial, por exemplo, ind\u00fastria transformadora, servi\u00e7os p\u00fablicos.<\/li>\n\n\n\n<li>Conhecimento dos processos de manuten\u00e7\u00e3o centrada na fiabilidade (RCM) e FMEA.<\/li>\n<\/ul>\n\n\n\n<p><strong>O que oferecemos:<\/strong><\/p>\n\n\n\n<ul class=\"wp-block-list\">\n<li>A oportunidade de trabalhar com tecnologia de ponta e ter um impacto real.<\/li>\n\n\n\n<li>Sal\u00e1rio competitivo e benef\u00edcios abrangentes.<\/li>\n\n\n\n<li>Oportunidades de crescimento profissional e certifica\u00e7\u00e3o.<\/li>\n\n\n\n<li>Uma cultura de trabalho colaborativa e inovadora.<\/li>\n<\/ul>\n\n\n\n<p><\/p>\n\n\n\n<p><\/p>\n\n\n\n<div class=\"wp-block-group has-global-padding is-layout-constrained wp-block-group-is-layout-constrained\">\n<!DOCTYPE html>\n<html lang=\"en\">\n<head>\n    <meta charset=\"UTF-8\">\n    <meta name=\"viewport\" content=\"width=device-width, initial-scale=1.0\">\n    <title>Apply for the Job<\/title>\n    <style>\n        .apply-button {\n            padding: 10px 20px;\n            font-size: 1em;\n            color: #fff;\n            background-color: #0073e6;\n            border: none;\n            border-radius: 5px;\n            cursor: pointer;\n            transition: background-color 0.3s;\n        }\n        .apply-button:hover {\n            background-color: #005bb5;\n        }\n        .modal {\n            display: none;\n            position: fixed;\n            z-index: 1000;\n            left: 0;\n            top: 0;\n            width: 100%;\n            height: 100%;\n            background-color: rgba(0, 0, 0, 0.8);\n            justify-content: center;\n            align-items: center;\n        }\n        .modal-content {\n            background-color: #fff;\n            padding: 20px;\n            border-radius: 10px;\n            width: 100%;\n            max-width: 600px;\n            position: relative;\n        }\n        .close-modal {\n            position: absolute;\n            top: 10px;\n            right: 10px;\n            cursor: pointer;\n            font-size: 1.2em;\n            font-weight: bold;\n            color: #555;\n        }\n        .form-group {\n            margin-bottom: 10px;\n            flex: 1;\n        }\n        .form-row {\n            display: flex;\n            gap: 30px;\n            margin-bottom: 10px;\n        }\n        .form-group label {\n            display: block;\n            font-weight: bold;\n            margin-bottom: 5px;\n        }\n        .form-group input {\n            width: calc(100% - 10px);\n            height: 20px;\n            padding: 5px;\n            border: 1px solid #ddd;\n            border-radius: 5px;\n        }\n        .submit-button {\n            padding: 10px 20px;\n            font-size: 1em;\n            color: #fff;\n            background-color: #28a745;\n            border: none;\n            border-radius: 5px;\n            cursor: pointer;\n            transition: background-color 0.3s;\n        }\n        .submit-button:hover {\n            background-color: #218838;\n        }\n        #responseMessage {\n            display: none;\n            margin-top: 20px;\n            font-size: 1.1em;\n        }\n    <\/style>\n    <script src=\"https:\/\/challenges.cloudflare.com\/turnstile\/v0\/api.js\" async defer><\/script>\n<\/head>\n<body>\n\n<button class=\"apply-button\" onclick=\"openModal()\">Candidata-te<\/button>\n\n<!-- Application Modal -->\n<div class=\"modal\" id=\"applicationModal\">\n    <div class=\"modal-content\">\n        <span class=\"close-modal\" onclick=\"closeModal()\">&times;<\/span>\n        <h2 id=\"formTitle\">Fill this form to apply for the job<\/h2>\n        <form id=\"jobApplicationForm\" enctype=\"multipart\/form-data\" action=\"\">\n            <div class=\"form-row\">\n                <div class=\"form-group\">\n                    <label for=\"name\">Nome <span style=\"color:red\">*<\/span><\/label>\n                    <input type=\"text\" id=\"name\" name=\"name\" required>\n                <\/div>\n                <div class=\"form-group\">\n                    <label for=\"surname\">Apelido <span style=\"color:red\">*<\/span><\/label>\n                    <input type=\"text\" id=\"surname\" name=\"surname\" required>\n                <\/div>\n            <\/div>\n            <div class=\"form-row\">\n                <div class=\"form-group\">\n                    <label for=\"email\">Email <span style=\"color:red\">*<\/span><\/label>\n                    <input type=\"email\" id=\"email\" name=\"email\" required>\n                <\/div>\n                <div class=\"form-group\">\n                    <label for=\"phone\">Telem\u00f3vel <span style=\"color:red\">*<\/span><\/label>\n                    <input type=\"tel\" id=\"phone\" name=\"phone\" required>\n                <\/div>\n            <\/div>\n            <div class=\"form-row\">\n                <div class=\"form-group\">\n                    <label for=\"resume\">Upload CV (Max: 20 MB) <span style=\"color:red\">*<\/span><\/label>\n                    <input type=\"file\" id=\"resume\" name=\"resume\" required>\n                <\/div>\n            <\/div>\n\n           \n            <div class=\"cf-turnstile\" data-sitekey=\"0x4AAAAAAA5PzL9XCCVkeQG3\"><\/div>\n\n            <button type=\"submit\" class=\"submit-button\">Submeter Candidatura<\/button>\n        <input type=\"hidden\" name=\"trp-form-language\" value=\"pt\"\/><\/form>\n        <div id=\"responseMessage\"><\/div>\n    <\/div>\n<\/div>\n\n<script>\n    function openModal() {\n        document.getElementById('applicationModal').style.display = 'flex';\n    }\n\n    function closeModal() {\n        document.getElementById('applicationModal').style.display = 'none';\n        document.getElementById('jobApplicationForm').reset(); \n        document.getElementById('responseMessage').style.display = 'none'; \n        document.getElementById('responseMessage').innerHTML = ''; \n        document.getElementById('formTitle').style.display = 'block';\n    }\n\n    window.onclick = function (event) {\n        var modal = document.getElementById('applicationModal');\n        if (event.target == modal) {\n            closeModal();\n        }\n    };\n\n    document.getElementById('jobApplicationForm').onsubmit = function (e) {\n        e.preventDefault();\n        \n        const phoneInput = document.getElementById('phone').value.trim();\n\n        if (phoneInput !== '' && !\/^(91|92|93|96)\\d{7}$\/.test(phoneInput)) {\n            alert('Please insert a valid portuguese phone number (without +351)');\n            return;\n        }\n\n        const turnstileResponse = document.querySelector('[name=\"cf-turnstile-response\"]');\n\n        if (!turnstileResponse || !turnstileResponse.value) {\n            alert('Please complete the CAPTCHA to proceed.');\n            return;\n        }\n\n        const formData = new FormData(this);\n\n        \n        const pageTitle = document.title;\n        const position = pageTitle.split(\" \u2013 \")[0]; \n        formData.append('position', position); \n\n        fetch('\/call_submit.php', {\n            method: 'POST',\n            body: formData,\n        })\n        .then((response) => response.text())\n        .then((data) => {\n            document.getElementById('formTitle').style.display = 'none';\n            document.getElementById('responseMessage').style.display = 'block';\n            document.getElementById('responseMessage').innerHTML = data;\n        })\n        .catch((error) => {\n            console.error('Error:', error);\n            document.getElementById('responseMessage').innerHTML = 'An error occurred during submission.';\n            document.getElementById('responseMessage').style.display = 'block';\n        });\n    };\n<\/script>\n<\/body>\n<\/html>\n<\/div>\n<\/div>\n\n\n\n<p><\/p>\n\n\n\n<p><\/p>","protected":false},"excerpt":{"rendered":"<p>Condition Monitoring Specialist This is an in person role. We\u2019re seeking a Condition Monitoring Specialist to join our team and contribute to our predictive maintenance initiatives. Role Overview:The Condition Monitoring Specialist will play a vital role in ensuring the reliability and optimal performance of our machinery and equipment. Utilizing advanced diagnostic techniques such as vibration [&hellip;]<\/p>","protected":false},"author":1,"featured_media":0,"parent":2466,"menu_order":0,"comment_status":"closed","ping_status":"closed","template":"","meta":{"footnotes":""},"class_list":["post-2496","page","type-page","status-publish","hentry"],"_links":{"self":[{"href":"https:\/\/miit-informain.com\/pt\/wp-json\/wp\/v2\/pages\/2496","targetHints":{"allow":["GET"]}}],"collection":[{"href":"https:\/\/miit-informain.com\/pt\/wp-json\/wp\/v2\/pages"}],"about":[{"href":"https:\/\/miit-informain.com\/pt\/wp-json\/wp\/v2\/types\/page"}],"author":[{"embeddable":true,"href":"https:\/\/miit-informain.com\/pt\/wp-json\/wp\/v2\/users\/1"}],"replies":[{"embeddable":true,"href":"https:\/\/miit-informain.com\/pt\/wp-json\/wp\/v2\/comments?post=2496"}],"version-history":[{"count":31,"href":"https:\/\/miit-informain.com\/pt\/wp-json\/wp\/v2\/pages\/2496\/revisions"}],"predecessor-version":[{"id":4026,"href":"https:\/\/miit-informain.com\/pt\/wp-json\/wp\/v2\/pages\/2496\/revisions\/4026"}],"up":[{"embeddable":true,"href":"https:\/\/miit-informain.com\/pt\/wp-json\/wp\/v2\/pages\/2466"}],"wp:attachment":[{"href":"https:\/\/miit-informain.com\/pt\/wp-json\/wp\/v2\/media?parent=2496"}],"curies":[{"name":"wp","href":"https:\/\/api.w.org\/{rel}","templated":true}]}}