{"id":2617,"date":"2024-10-28T16:14:27","date_gmt":"2024-10-28T15:14:27","guid":{"rendered":"http:\/\/192.168.10.70\/intgraal-management-of-works-contracts-and-acquisition-of-goods-and-services-ccp-2\/"},"modified":"2025-01-10T15:10:13","modified_gmt":"2025-01-10T15:10:13","slug":"intgraal-management-of-works-contracts-and-acquisition-of-goods-and-services-ccp","status":"publish","type":"page","link":"https:\/\/miit-informain.com\/pt\/intgraal-management-of-works-contracts-and-acquisition-of-goods-and-services-ccp\/","title":{"rendered":"Int'Graal - Gest\u00e3o de contratos de obras e aquisi\u00e7\u00e3o de bens e servi\u00e7os (CCP)"},"content":{"rendered":"<div class=\"wp-block-group has-global-padding is-layout-constrained wp-block-group-is-layout-constrained\">\n<div class=\"wp-block-cover\" style=\"border-radius:20px;min-height:500px;aspect-ratio:unset;\"><span aria-hidden=\"true\" class=\"wp-block-cover__background has-contrast-dark-background-color has-background-dim\"><\/span><img fetchpriority=\"high\" decoding=\"async\" width=\"2400\" height=\"1600\" class=\"wp-block-cover__image-background wp-image-2256\" alt=\"\" src=\"https:\/\/miit-informain.com\/wp-content\/uploads\/2024\/10\/bernd-dittrich-bUnsDLFRNWc-unsplash.jpg\" style=\"object-position:48% 7%\" data-object-fit=\"cover\" data-object-position=\"48% 7%\" srcset=\"https:\/\/miit-informain.com\/wp-content\/uploads\/2024\/10\/bernd-dittrich-bUnsDLFRNWc-unsplash.jpg 2400w, https:\/\/miit-informain.com\/wp-content\/uploads\/2024\/10\/bernd-dittrich-bUnsDLFRNWc-unsplash-300x200.jpg 300w, https:\/\/miit-informain.com\/wp-content\/uploads\/2024\/10\/bernd-dittrich-bUnsDLFRNWc-unsplash-1024x683.jpg 1024w, https:\/\/miit-informain.com\/wp-content\/uploads\/2024\/10\/bernd-dittrich-bUnsDLFRNWc-unsplash-768x512.jpg 768w, https:\/\/miit-informain.com\/wp-content\/uploads\/2024\/10\/bernd-dittrich-bUnsDLFRNWc-unsplash-1536x1024.jpg 1536w, https:\/\/miit-informain.com\/wp-content\/uploads\/2024\/10\/bernd-dittrich-bUnsDLFRNWc-unsplash-2048x1365.jpg 2048w, https:\/\/miit-informain.com\/wp-content\/uploads\/2024\/10\/bernd-dittrich-bUnsDLFRNWc-unsplash-18x12.jpg 18w\" sizes=\"(max-width: 2400px) 100vw, 2400px\" \/><div class=\"wp-block-cover__inner-container is-layout-flow wp-block-cover-is-layout-flow\">\n<h1 class=\"wp-block-heading has-text-align-center has-contrast-light-color has-text-color has-link-color has-superbfont-xxlarge-font-size wp-elements-59ba0153313da898ddd32f55284f0287\">Int'Graal - Gest\u00e3o de contratos de obras e aquisi\u00e7\u00e3o de bens e servi\u00e7os (CCP)<\/h1>\n<\/div><\/div>\n<\/div>\n\n\n\n<div class=\"wp-block-group has-mono-4-background-color has-background has-global-padding is-layout-constrained wp-block-group-is-layout-constrained\" style=\"padding-top:var(--wp--preset--spacing--superbspacing-medium);padding-bottom:var(--wp--preset--spacing--superbspacing-medium)\">\n<h5 class=\"wp-block-heading\">A solu\u00e7\u00e3o Int\u2019Graal CCP permite o controlo e a gest\u00e3o otimizada de projetos de Contrata\u00e7\u00e3o P\u00fablica, suporta a desmaterializa\u00e7\u00e3o dos processos, o controlo e monitoriza\u00e7\u00e3o nas diferentes vertentes do procedimento, a execu\u00e7\u00e3o f\u00edsica e financeira.<br>Direcionada para donos de obra, esta solu\u00e7\u00e3o permite controlo eficaz dos custos, dos meios de gest\u00e3o e de execu\u00e7\u00e3o, sendo uma ferramenta essencial na gest\u00e3o eficiente e eficaz desses processos. O Software Int\u2019Graal interliga-se com o processo de contrata\u00e7\u00e3o na fase de projeto, constitui\u00e7\u00e3o, execu\u00e7\u00e3o, e fecho contratual.<\/h5>\n<\/div>\n\n\n\n<p><style>\n<p>        h1 {<br \/>\n            text-align: center;<br \/>\n            padding: 20px;<br \/>\n            color: #333;<br \/>\n        }<\/p>\n<p>        .main-container {<br \/>\n            display: flex;<br \/>\n            flex-wrap: wrap;<br \/>\n            justify-content: center;<br \/>\n            gap: 20px;<br \/>\n            padding: 20px;<br \/>\n            max-width: 1200px;<br \/>\n            margin: auto;<br \/>\n        }<\/p>\n<p>        .section {<br \/>\n            background-color: #ffffff;<br \/>\n            border-radius: 8px;<br \/>\n            box-shadow: 0 4px 8px rgba(0, 0, 0, 0.1);<br \/>\n            padding: 20px;<br \/>\n            flex: 1 1 300px;<br \/>\n            max-width: 300px;<br \/>\n            transition: transform 0.3s, box-shadow 0.3s;<br \/>\n        }<\/p>\n<p>        .section:hover {<br \/>\n            transform: translateY(-5px);<br \/>\n            box-shadow: 0 8px 16px rgba(0, 0, 0, 0.2);<br \/>\n        }<\/p>\n<p>        .section h2 {<br \/>\n            font-size: 20px;<br \/>\n            color: #007bff;<br \/>\n            margin-bottom: 15px;<br \/>\n            display: flex;<br \/>\n            align-items: center;<br \/>\n        }<\/p>\n<p>        .section h2 i {<br \/>\n            margin-right: 10px;<br \/>\n        }<\/p>\n<p>        .section ul {<br \/>\n            list-style: none;<br \/>\n            padding: 0;<br \/>\n        }<\/p>\n<p>        .section ul li {<br \/>\n            margin: 10px 0;<br \/>\n            display: flex;<br \/>\n            align-items: center;<br \/>\n            color: #555;<br \/>\n        }<\/p>\n<p>        .section ul li i {<br \/>\n            margin-right: 8px;<br \/>\n            color: #333;<br \/>\n        }<\/p>\n<p>        \/* Responsiveness *\/<br \/>\n        @media (max-width: 768px) {<br \/>\n            .main-container {<br \/>\n                flex-direction: column;<br \/>\n                align-items: center;<br \/>\n            }<br \/>\n        }<br \/>\n    <\/style><\/p>\n\n\n\n<div class=\"wp-block-group has-global-padding is-layout-constrained wp-block-group-is-layout-constrained\">\n<!DOCTYPE html>\n<html lang=\"en\">\n<head>\n<meta charset=\"UTF-8\">\n<meta name=\"viewport\" content=\"width=device-width, initial-scale=1.0\">\n  <title>Contracting Process<\/title>  \n  <style>\n  \/* Configura\u00e7\u00f5es gerais *\/ \n  * {\n  box-sizing: border-box; \n  margin: 0; \n  padding: 0; \n  } \n  body, html {\n  height: 100%;\n  display: flex;\n  flex-direction: column;\n  }    \n  \/* Configura\u00e7\u00e3o do conte\u00fado principal *\/\n  .content {   \n  flex: 1;   \n  display: flex; \n  flex-direction: column;\n  }   \n  h2 {    \n  text-align: center;\n  padding: 20px 0;    \n  }   \n  \/* Configura\u00e7\u00f5es para as se\u00e7\u00f5es *\/    \n  .section-wrapper {\n  width: 100vw; \n  margin-left: calc(50% - 50vw);    \n  padding: 20px 0; \n  }   \n  .features-section { \n  background-color: #fffff; \n  }   \n  \/* Configura\u00e7\u00e3o dos containers *\/\n  .container {\n  max-width: 1200px;\n  margin: 0 auto;\n  padding: 20px;   \n  display: grid;   \n  grid-template-columns: repeat(auto-fit, minmax(300px, 1fr));\n  gap: 20px;   \n  }   \n  \/* Estilo de cada item *\/ \n  .item {   \n  background-color: #f8fafc;\n  border: 1px solid #ddd;   \n  border-radius: 10px;\n  padding: 20px;\n  transition: transform 0.3s ease, box-shadow 0.3s ease;\n  text-align: left;   \n  overflow: hidden;   \n  cursor: pointer;   \n  color: #333;   \n  }   \n  .item h3 {    \n  font-size: 1.2em;   \n  margin: 0 0 10px;    \n  text-align: center;   \n  }   \n  \/* Estilo da imagem *\/   \n  .item img {   \n  display: block; \n  max-width: 100%;   \n  height: auto;   \n  margin-bottom: 10px; \n  border-radius: 8px;   \n  }  \n  \/* Conte\u00fado sempre vis\u00edvel *\/  \n  .description {\n  font-size: 0.9em;   \n  margin-top: 10px;   \n  color: #555;  \n  list-style-type: disc;\n  padding-left: 20px;\n  text-align: left;\n  }   \n  \/* Estilo ao clicar para expandir *\/\n  .item.active .description {\n  display: block;\n  }   \n  .item:hover { \n  transform: scale(1.03);\n  box-shadow: 0 4px 8px rgba(0, 0, 0, 0.2);    \n  }   \n  <\/style>   \n  <script>   \n  document.addEventListener(\"DOMContentLoaded\", function() {\n  const items = document.querySelectorAll(\".item\"); \n  items.forEach(item => {\n  item.addEventListener(\"click\", function() {\n  this.classList.toggle(\"active\");    \n  });   \n  });   \n  });   \n  <\/script>   \n <\/head>   \n <body>   \n <div class=\"content\">   \n  <div class=\"section-wrapper features-section\">    \n  <h2>Processo de Contrata\u00e7\u00e3o - fases do Projeto e Contrato<\/h2>    \n  <div class=\"container\">    \n  <div class=\"item\">   \n  <h3>Projeto<\/h3>\n  <ul class=\"description\">\n    <p>Prepara\u00e7\u00e3o<\/p>    \n    <p>Georreferencia\u00e7\u00e3o<\/p>\n    <p>Programa Base<\/p>\n    <p>Estudo Preliminar<\/p>\n    <p>Projeto de Execu\u00e7\u00e3o<\/p>\n    <p>Revis\u00e3o do projeto<\/p>\n  <\/ul> \n  <\/div>\n  <div class=\"item\">\n  <h3>Forma\u00e7\u00e3o Contrato<\/h3>\n  <ul class=\"description\">\n    <p>Organiza\u00e7\u00e3o do processo (fornecimento ou contrato)<\/p>\n    <p>Interliga\u00e7\u00e3o com a plataforma e o contrato<\/p>\n    <p>Convite<\/p>\n    <p>Programa de processo<\/p>\n    <p>Documento especifica\u00e7\u00f5es<\/p>\n    <p>An\u00e1lise de Propostas<\/p>\n    <p>Celebra\u00e7\u00e3o de Contratos<\/p>\n    <p>Contrato<\/p>\n  <\/ul>\n  <\/div>    \n  <div class=\"item\">     \n  <h3>Execu\u00e7\u00e3o do Contrato<\/h3>\n  <ul class=\"description\">\n    <p>Prepara\u00e7\u00e3o<\/p>\n    <p>Seguran\u00e7a em obra<\/p>\n    <p>Execu\u00e7\u00e3o F\u00edsica vs. Financeira<\/p>\n    <p>Gest\u00e3o de Res\u00edduos (RCD)<\/p>\n  <\/ul>     \n  <\/div>\n  <div class=\"item\">\n  <h3>Encerramento<\/h3>\n  <ul class=\"description\">\n    <p>Rece\u00e7\u00e3o Provis\u00f3ria<\/p>\n    <p>Conta Final<\/p>\n    <p>Liberta\u00e7\u00e3o de Garantias<\/p>\n    <p>Relat\u00f3rio Final<\/p>\n    <p>Rece\u00e7\u00e3o Definitiva<\/p>\n  <\/ul>  \n  <\/div>\n  <\/div> \n   <\/div> \n    <\/div> \n     <\/body>\n      <\/html>\n<\/div>\n\n\n\n<div class=\"wp-block-group has-mono-4-background-color has-background has-global-padding is-layout-constrained wp-block-group-is-layout-constrained\" style=\"padding-top:var(--wp--preset--spacing--superbspacing-medium);padding-bottom:var(--wp--preset--spacing--superbspacing-medium)\">\n<!DOCTYPE html>\n<html lang=\"en\">\n<head>\n<meta charset=\"UTF-8\">\n<meta name=\"viewport\" content=\"width=device-width, initial-scale=1.0\">\n  <title>Contracting Process<\/title>  \n  <style>\n  \/* Configura\u00e7\u00f5es gerais *\/ \n  * {\n  box-sizing: border-box; \n  margin: 0; \n  padding: 0; \n  } \n  body, html {\n  height: 100%;\n  display: flex;\n  flex-direction: column;\n  }    \n  \/* Configura\u00e7\u00e3o do conte\u00fado principal *\/\n  .content {   \n  flex: 1;   \n  display: flex; \n  flex-direction: column;\n  }   \n  h2 {    \n  text-align: center;\n  padding: 20px 0;    \n  }   \n  \/* Configura\u00e7\u00f5es para as se\u00e7\u00f5es *\/    \n  .section-wrapper {\n  width: 100vw; \n  margin-left: calc(50% - 50vw);    \n  padding: 20px 0; \n  }      \n  \/* Configura\u00e7\u00e3o dos containers *\/\n  .containerB {\n  max-width: 1200px;\n  margin: 0 auto;\n  padding: 20px;   \n  display: grid;   \n  grid-template-columns: repeat(auto-fit, minmax(300px, 1fr));\n  gap: 20px;   \n  }   \n  \/* Estilo de cada item *\/ \n  .item {   \n  background-color: #ffffff;\n  border: 1px solid #ddd;   \n  border-radius: 10px;\n  padding: 20px;\n  transition: transform 0.3s ease, box-shadow 0.3s ease;\n  text-align: left;   \n  overflow: hidden;   \n  cursor: pointer;   \n  color: #333;   \n  }   \n  .item h3 {    \n  font-size: 1.2em;   \n  margin: 0 0 10px;    \n  text-align: center;   \n  }   \n  \/* Estilo da imagem *\/   \n  .item img {   \n  display: block; \n  max-width: 100%;   \n  height: auto;   \n  margin-bottom: 10px; \n  border-radius: 8px;   \n  }  \n  \/* Conte\u00fado sempre vis\u00edvel *\/  \n  .description {\n  font-size: 0.9em;   \n  margin-top: 10px;   \n  color: #555;  \n  list-style-type: disc;\n  padding-left: 20px;\n  text-align: left;\n  }   \n  \/* Estilo ao clicar para expandir *\/\n  .item.active .description {\n  display: block;\n  }   \n  .item:hover { \n  transform: scale(1.03);\n  box-shadow: 0 4px 8px rgba(0, 0, 0, 0.2);    \n  }   \n  <\/style>   \n  <script>   \n  document.addEventListener(\"DOMContentLoaded\", function() {\n  const items = document.querySelectorAll(\".item\"); \n  items.forEach(item => {\n  item.addEventListener(\"click\", function() {\n  this.classList.toggle(\"active\");    \n  });   \n  });   \n  });   \n  <\/script>   \n <\/head>   \n <body>   \n <div class=\"content\">   \n  <div class=\"section-wrapper execution-section\">    \n  <h2>Processo de execu\u00e7\u00e3o do contrato<\/h2>    \n  <div class=\"containerB\">    \n  <div class=\"item\">\n  <h3>In\u00edcio da Empreitada<\/h3>\n  <ul class=\"description\">\n    <p>Consigna\u00e7\u00e3o;<\/p>\n    <p>Plano de Trabalhos ajustado \u00e0 consigna\u00e7\u00e3o;<\/p>\n    <p>Aprova\u00e7\u00e3o PSS-Obra;<\/p>\n  <\/ul>  \n  <\/div>\n  <div class=\"item\">\n  <h3>Execu\u00e7\u00e3o do Contrato<\/h3>\n  <ul class=\"description\">\n    <p>Autos de Medi\u00e7\u00e3o;<\/p>\n    <p>Conta Corrente;<\/p>\n    <p>Verifica\u00e7\u00e3o do cumprimento do Plano de Trabalhos;<\/p>\n\t<p>Prorroga\u00e7\u00f5es;<\/p>\n    <p>Suspens\u00f5es;<\/p>\n    <p>Trabalhos Complementares (a Mais, a Menos, de suprimento de erros e omiss\u00f5es);<\/p>\n\t<p>San\u00e7\u00f5es.<\/p>\n  <\/ul>  \n  <\/div>\n  <div class=\"item\">\n  <h3>Encerramento da Empreitada<\/h3>\n  <ul class=\"description\">\n    <p>Conta Final;<\/p>\n    <p>Vistoria e Rece\u00e7\u00e3o Provis\u00f3ria;<\/p>\n    <p>Relat\u00f3rio Final;<\/p>\n\t<p>Compila\u00e7\u00e3o T\u00e9cnica;<\/p>\n    <p>Rece\u00e7\u00e3o Definitiva da Obra.<\/p>\n  <\/ul>  \n  <\/div>\n  <div class=\"item\">\n  <h3>Gest\u00e3o Documental<\/h3>\n  <p class=\"description\">Ferramenta de suporte da informa\u00e7\u00e3o, gerindo e relat\u00f3rios t\u00e9cnicos, especifica\u00e7\u00f5es ou cadernos de encargos.<\/p>  \n  <\/div>\n <div class=\"item\">\n  <h3>Configura\u00e7\u00e3o de Procedimentos<\/h3>\n  <ul class=\"description\">\n    <p>Aquisi\u00e7\u00e3o de bens e servi\u00e7os<\/p>\n    <p>Contratos de empreitada<\/p>\n\t<p>Suporta a gest\u00e3o dos procedimentos<\/p>\n    <p>Ajuste Directo<\/p>\n\t<p>Concurso P\u00fablico<\/p>\n    <p>Concurso limitado por pr\u00e9via qualifica\u00e7\u00e3o<\/p>\n\t<p>Procedimento por negocia\u00e7\u00e3o<\/p>\n    <p>Di\u00e1logo concorrencial<\/p>\n  <\/ul>  \n  <\/div>\n  <div class=\"item\">\n  <h3>Vis\u00e3o Integrada e Monitoriza\u00e7\u00e3o e Controlo<\/h3>\n  <p class=\"description\">Perspetiva dos v\u00e1rios Concursos e Contratos e Vis\u00e3o do estado de cada contrato, e de indicadores de gest\u00e3o.<\/p>  \n  <\/div>\n  <div class=\"item\">\n  <h3>Comunica\u00e7\u00f5es e tickets<\/h3>\n  <p class=\"description\">Gest\u00e3o de comunica\u00e7\u00f5es dos contactos recebidos\/ efetuados e do estado de tickets emitidos.<\/p>  \n  <\/div>\n  <div class=\"item\">\n  <h3>Gest\u00e3o de Fornecedores<\/h3>\n  <p class=\"description\">Avalia\u00e7\u00e3o dos fornecedores de material ou servi\u00e7o em termos de pre\u00e7o, prazo e e sugest\u00e3o de alternativas.<\/p>  \n  <\/div>\n  <div class=\"item\">\n  <h3>Sistema de Gest\u00e3o de Qualidade<\/h3>\n  <p class=\"description\">Processos de gest\u00e3o de qualidade, documenta\u00e7\u00e3o, mapas e indicadores relevantes. Auditorias, n\u00e3o conformidades e a\u00e7\u00f5es corretivas e as a\u00e7\u00f5es preventivas.<\/p>  \n  <\/div>\n  <div class=\"item\">\n  <h3> Alarm\u00edstica<\/h3>\n  <p class=\"description\">Alarmes Configur\u00e1veis associados a par\u00e2metros ou a eventos e desencadearmento de a\u00e7\u00f5es para mitigar situa\u00e7\u00f5es.<\/p>  \n  <\/div>\n  <\/div> \n   <\/div> \n    <\/div> \n     <\/body>\n      <\/html>\n<\/div>","protected":false},"excerpt":{"rendered":"<p>The Int&#8217;Graal CCP solution enables optimised control and management of public procurement projects, supporting the dematerialisation of processes, control and monitoring of the different aspects of the procedure, physical and financial execution.Aimed at building owners, this solution enables effective control of costs, management resources and execution, making it an essential tool for the efficient and [&hellip;]<\/p>","protected":false},"author":1,"featured_media":0,"parent":0,"menu_order":0,"comment_status":"closed","ping_status":"closed","template":"","meta":{"footnotes":""},"class_list":["post-2617","page","type-page","status-publish","hentry"],"_links":{"self":[{"href":"https:\/\/miit-informain.com\/pt\/wp-json\/wp\/v2\/pages\/2617","targetHints":{"allow":["GET"]}}],"collection":[{"href":"https:\/\/miit-informain.com\/pt\/wp-json\/wp\/v2\/pages"}],"about":[{"href":"https:\/\/miit-informain.com\/pt\/wp-json\/wp\/v2\/types\/page"}],"author":[{"embeddable":true,"href":"https:\/\/miit-informain.com\/pt\/wp-json\/wp\/v2\/users\/1"}],"replies":[{"embeddable":true,"href":"https:\/\/miit-informain.com\/pt\/wp-json\/wp\/v2\/comments?post=2617"}],"version-history":[{"count":62,"href":"https:\/\/miit-informain.com\/pt\/wp-json\/wp\/v2\/pages\/2617\/revisions"}],"predecessor-version":[{"id":3855,"href":"https:\/\/miit-informain.com\/pt\/wp-json\/wp\/v2\/pages\/2617\/revisions\/3855"}],"wp:attachment":[{"href":"https:\/\/miit-informain.com\/pt\/wp-json\/wp\/v2\/media?parent=2617"}],"curies":[{"name":"wp","href":"https:\/\/api.w.org\/{rel}","templated":true}]}}