{"id":3451,"date":"2024-12-09T11:34:18","date_gmt":"2024-12-09T11:34:18","guid":{"rendered":"http:\/\/192.168.10.70\/geslub-2\/"},"modified":"2025-01-07T12:48:35","modified_gmt":"2025-01-07T12:48:35","slug":"geslub","status":"publish","type":"page","link":"https:\/\/miit-informain.com\/pt\/geslub\/","title":{"rendered":"Geslub"},"content":{"rendered":"<div class=\"wp-block-group has-global-padding is-layout-constrained wp-block-group-is-layout-constrained\" style=\"padding-top:var(--wp--preset--spacing--superbspacing-medium);padding-bottom:var(--wp--preset--spacing--superbspacing-medium)\">\n<div class=\"wp-block-cover\" style=\"border-radius:20px;min-height:500px;aspect-ratio:unset;\"><span aria-hidden=\"true\" class=\"wp-block-cover__background has-contrast-dark-background-color has-background-dim-30 has-background-dim\"><\/span><img fetchpriority=\"high\" decoding=\"async\" width=\"2560\" height=\"1702\" class=\"wp-block-cover__image-background wp-image-2252\" alt=\"\" src=\"https:\/\/miit-informain.com\/wp-content\/uploads\/2024\/10\/hidde-schalm-zGdK587i32I-unsplash-scaled.jpg\" style=\"object-position:48% 40%\" data-object-fit=\"cover\" data-object-position=\"48% 40%\" srcset=\"https:\/\/miit-informain.com\/wp-content\/uploads\/2024\/10\/hidde-schalm-zGdK587i32I-unsplash-scaled.jpg 2560w, https:\/\/miit-informain.com\/wp-content\/uploads\/2024\/10\/hidde-schalm-zGdK587i32I-unsplash-300x199.jpg 300w, https:\/\/miit-informain.com\/wp-content\/uploads\/2024\/10\/hidde-schalm-zGdK587i32I-unsplash-1024x681.jpg 1024w, https:\/\/miit-informain.com\/wp-content\/uploads\/2024\/10\/hidde-schalm-zGdK587i32I-unsplash-768x511.jpg 768w, https:\/\/miit-informain.com\/wp-content\/uploads\/2024\/10\/hidde-schalm-zGdK587i32I-unsplash-1536x1021.jpg 1536w, https:\/\/miit-informain.com\/wp-content\/uploads\/2024\/10\/hidde-schalm-zGdK587i32I-unsplash-2048x1362.jpg 2048w, https:\/\/miit-informain.com\/wp-content\/uploads\/2024\/10\/hidde-schalm-zGdK587i32I-unsplash-18x12.jpg 18w\" sizes=\"(max-width: 2560px) 100vw, 2560px\" \/><div class=\"wp-block-cover__inner-container is-layout-flow wp-block-cover-is-layout-flow\">\n<h1 class=\"wp-block-heading has-text-align-center has-contrast-light-color has-text-color has-link-color has-superbfont-xxlarge-font-size wp-elements-b26b2cdb87961d7f58e206f904d9cdbb\">Geslub<\/h1>\n<\/div><\/div>\n<\/div>\n\n\n\n<div class=\"wp-block-group has-mono-4-background-color has-background has-global-padding is-layout-constrained wp-container-core-group-is-layout-2 wp-block-group-is-layout-constrained\" style=\"padding-top:var(--wp--preset--spacing--superbspacing-medium);padding-bottom:var(--wp--preset--spacing--superbspacing-medium)\">\n<h5 class=\"wp-block-heading\">O Geslub trata-se de um software especifico, desenvolvido pela Informain MIIT, que gere de uma forma extensiva as atividades de lubrifica\u00e7\u00e3o da sua unidade. Possui a possibilidade de cadastro de todos os seus equipamentos, organizando-os de uma forma hierarquizada, e agrupando a informa\u00e7\u00e3o relevante. Desde manuais t\u00e9cnicos, fichas de seguran\u00e7a, quantidades e tipo de produto de lubrifica\u00e7\u00e3o utilizado, o Geslub pode ser configurado para ser interligado com quadros sin\u00f3pticos e pain\u00e9is de controlo, gerando inclusivamente alarmes e avisos. Permite ainda o registo de opera\u00e7\u00f5es de manuten\u00e7\u00e3o, quer seja ela preventiva ou corretiva associada a cada equipamento.<\/h5>\n<\/div>\n\n\n\n<div class=\"wp-block-group has-global-padding is-layout-constrained wp-block-group-is-layout-constrained\">\n<style>\n        \/* Configura\u00e7\u00f5es gerais *\/\n        * {\n            box-sizing: border-box;\n            margin: 0;\n            padding: 0;\n        }\n\n        body, html {\n            height: 100%;\n            display: flex;\n            flex-direction: column;\n        }\n\n        \/* Configura\u00e7\u00e3o do conte\u00fado principal *\/\n        .content {\n            flex: 1;\n            display: flex;\n            flex-direction: column;\n        }\n\n        h2 {\n            text-align: center;\n            padding: 20px 0;\n        }\n\n        \/* Configura\u00e7\u00f5es para as se\u00e7\u00f5es *\/\n        .section-wrapper {\n            width: 100vw;\n            margin-left: calc(50% - 50vw);\n            padding: 20px 0;\n        }\n\n        .features-section {\n            background-color: #ffffff;\n        }\n\n        .scope-section {\n            background-color: #f8fafc;\n            flex-grow: 1; \/* Expande a \u00faltima se\u00e7\u00e3o para ocupar o restante do espa\u00e7o *\/\n        }\n\n        \/* Configura\u00e7\u00e3o dos containers *\/\n        .container {\n            max-width: 1200px;\n            margin: 0 auto;\n            padding: 20px;\n            display: grid;\n            grid-template-columns: repeat(auto-fit, minmax(300px, 1fr));\n            gap: 20px;\n        }\n\n        \/* Estilo de cada item *\/\n        .item {\n            background-color: #f8fafc;\n            border: 1px solid #ddd;\n            border-radius: 10px;\n            padding: 20px;\n            transition: transform 0.3s ease, box-shadow 0.3s ease;\n            text-align: center;\n            overflow: hidden;\n            cursor: pointer;\n            color: #333;\n        }\n\n        .scope-section .item {\n            background-color: #e2e8f0;\n        }\n\n        .item h3 {\n            font-size: 1.2em;\n            margin: 0 0 10px;\n        }\n\n        .item:hover {\n            transform: scale(1.03);\n            box-shadow: 0 4px 8px rgba(0, 0, 0, 0.2);\n        }\n.item img {\n    width: 100%;\n    height: 150px;\n    object-fit: cover;\n    margin: 10px 0; \n    border-radius: 5px;\n}\n\n    <\/style>\n\n\n<div class=\"content\">\n<div class=\"section-wrapper features-section\">\n<h2>Funcionalidades<\/h2>\n<div class=\"container\">\n<div class=\"item\">\n<img decoding=\"async\" src=\"https:\/\/miit-informain.com\/wp-content\/uploads\/2024\/11\/bar_code.jpg\">\n<h3>Registo de equipamentos<\/h3>\n<p class=\"description\">Equipment with lubrication points represented in a layout or functional diagram with location code.<\/p>\n<\/div>\n<div class=\"item\"><img decoding=\"async\" src=\"https:\/\/miit-informain.com\/wp-content\/uploads\/2024\/11\/layout-synoptics.jpg\">\n<h3>Navega\u00e7\u00e3o geogr\u00e1fica<\/h3>\n<p class=\"description\">Chained layouts or flowsheets, configuring a geographical navigation that supports job requests, lubrication operations and events.<\/p>\n<\/div>\n<div class=\"item\">\n<img decoding=\"async\" src=\"https:\/\/miit-informain.com\/wp-content\/uploads\/2025\/01\/hierarchy.png\">\n<h3>Estrutura\u00e7\u00e3o de equipamentos<\/h3>\n<p class=\"description\">Estrutura\u00e7\u00e3o hierarquizada WBS- Work Breakdown Structure, ou \u00e1rvore funcional, que configura a agrega\u00e7\u00e3o de entidades.<\/p>\n<\/div>\n<div class=\"item\"><img decoding=\"async\" src=\"https:\/\/miit-informain.com\/wp-content\/uploads\/2024\/11\/material-and-warehouse-support-scaled.jpg\">\n<h3>Apoio a materiais e armaz\u00e9ns<\/h3>\n<p class=\"description\">Lubrificantes, com caracter\u00edsticas t\u00e9cnicas e aplica\u00e7\u00f5es, stocks e armaz\u00e9ns, movimentos de entrada e sa\u00edda e de aprovisionamento.<\/p>\n<\/div>\n<div class=\"item\">\n<img decoding=\"async\" src=\"https:\/\/miit-informain.com\/wp-content\/uploads\/2024\/10\/patrick-perkins-ETRPjvb0KM0-unsplash-1-scaled.jpg\">\n<h3>Planeamento de opera\u00e7\u00f5es<\/h3>\n<p class=\"description\">Planeamento gerado com ou sem depend\u00eancia de contadores ou par\u00e2metros, com base em tempo nominal ou com base em tarefas realizadas e considerando recursos finitos de materiais e m\u00e3o de obra.<\/p>\n<\/div>\n<div class=\"item\">\n<img decoding=\"async\" src=\"https:\/\/miit-informain.com\/wp-content\/uploads\/2024\/11\/metrics-and-indicators-scaled.jpg\">\n<h3>Controlo - f\u00edsico e financeiro<\/h3>\n<p class=\"description\">Opera\u00e7\u00f5es planeadas e fortuitas formalizadas por ordens de trabalho-OTs destinadas a uma equipa e a um conjunto de equipamentos segundo workflow configur\u00e1vel e parametriz\u00e1vel.<\/p>\n<\/div>\n<div class=\"item\">\n<h3>Paragens Programadas<\/h3>\n<p class=\"description\">Prepara os materiais e meios humanos para paragens planeadas e o planeamento das tarefas.<\/p>\n<\/div>\n<div class=\"item\">\n<img decoding=\"async\" src=\"https:\/\/miit-informain.com\/wp-content\/uploads\/2024\/12\/pexels-thisisengineering-3912976-scaled.jpg\">\n<h3>Gest\u00e3o, acompanhamento e controlo das atividades<\/h3>\n<p class=\"description\">Emiss\u00e3o de Ot\u2019s predeterminadas oriundas de outras, nomeadamente atestos, substitui\u00e7\u00f5es de filtros, etc. que requerem registo.<\/p>\n<\/div>\n<div class=\"item\"><img decoding=\"async\" src=\"https:\/\/miit-informain.com\/wp-content\/uploads\/2024\/11\/manage-documentation.png\">\n<h3>Apoio e gest\u00e3o da documenta\u00e7\u00e3o<\/h3>\n<p class=\"description\">Ferramenta de suporte da informa\u00e7\u00e3o, gerindo e relat\u00f3rios t\u00e9cnicos, especifica\u00e7\u00f5es ou cadernos de encargos.<\/p>\n<\/div>\n<div class=\"item\">\n<img decoding=\"async\" src=\"https:\/\/miit-informain.com\/wp-content\/uploads\/2024\/12\/thisguyshoots-wVOonMbj6qY-unsplash-scaled.jpg\">\n<h3>Alarmes configur\u00e1veis e notifica\u00e7\u00f5es<\/h3>\n<p class=\"description\">Alarmes Configur\u00e1veis associados a par\u00e2metros ou a eventos para desencadear a\u00e7\u00f5es para mitigar situa\u00e7\u00f5es.<\/p>\n<\/div>\n<div class=\"item\"><img decoding=\"async\" src=\"https:\/\/miit-informain.com\/wp-content\/uploads\/2024\/11\/integration-with-other-applications.png\">\n<h3>Integra\u00e7\u00e3o com outras aplica\u00e7\u00f5es<\/h3>\n<p class=\"description\">Importa\u00e7\u00e3o de dados de v\u00e1rios formatos e de v\u00e1rias fontes, para completar a informa\u00e7\u00e3o designadamente dados de processo de Scadas, dados de falhas reportadas ou de materiais consumidos de ERPs ou CMMSs.<\/p>\n<\/div>\n<\/div>\n<\/div>\n<div class=\"section-wrapper scope-section\">\n<h2>\u00c2mbito<\/h2>\n<div class=\"container\">\n<div class=\"item\">\n<img decoding=\"async\" src=\"https:\/\/miit-informain.com\/wp-content\/uploads\/2025\/01\/lubrication-plan.png\">\n<h3>Gest\u00e3o do plano de lubrifica\u00e7\u00e3o<\/h3>\n<p class=\"description\">Planear e gerir as opera\u00e7\u00f5es de lubrifica\u00e7\u00e3o de acordo com os hor\u00e1rios e os contadores.<\/p>\n<\/div>\n<div class=\"item\"><img decoding=\"async\" src=\"https:\/\/miit-informain.com\/wp-content\/uploads\/2024\/11\/equipment-registration-scaled.jpg\">\n<h3>Registo de equipamentos<\/h3>\n<p class=\"description\">Manter um registo completo e estruturado de todo o equipamento para f\u00e1cil acesso.<\/p>\n<\/div>\n<div class=\"item\">\n<img decoding=\"async\" src=\"https:\/\/miit-informain.com\/wp-content\/uploads\/2025\/01\/hierarchy.png\">\n<h3>Estrutura hier\u00e1rquica<\/h3>\n<p class=\"description\">Organizar o equipamento hierarquicamente para assegurar uma gest\u00e3o estruturada.<\/p>\n<\/div>\n<div class=\"item\">\n<img decoding=\"async\" src=\"https:\/\/miit-informain.com\/wp-content\/uploads\/2025\/01\/sds.png\">\n<h3>Gest\u00e3o da informa\u00e7\u00e3o t\u00e9cnica<\/h3>\n<p class=\"description\">Gest\u00e3o da informa\u00e7\u00e3o t\u00e9cnica, t\u00e9cnica e SDS<\/p>\n<\/div>\n<div class=\"item\">\n<img decoding=\"async\" src=\"https:\/\/miit-informain.com\/wp-content\/uploads\/2025\/01\/lubrication-route.png\">\n<h3>Gest\u00e3o de Opera\u00e7\u00f5es<\/h3>\n<p class=\"description\">Gest\u00e3o de Opera\u00e7\u00f5es - Geometria vari\u00e1vel, rotas de lubrifica\u00e7\u00e3o multi-crit\u00e9rio;<\/p>\n<\/div>\n<div class=\"item\">\n<img decoding=\"async\" src=\"https:\/\/miit-informain.com\/wp-content\/uploads\/2025\/01\/scheduled-interventions.png\">\n<h3>Interven\u00e7\u00f5es Programadas<\/h3>\n<p class=\"description\">Planear interven\u00e7\u00f5es com base em hor\u00e1rios, ritmos de funcionamento ou leituras de contadores.<\/p>\n<\/div>\n<div class=\"item\">\n<img decoding=\"async\" src=\"https:\/\/miit-informain.com\/wp-content\/uploads\/2025\/01\/lubricants.png\">\n<h3>Gest\u00e3o do estado e da an\u00e1lise dos lubrificantes<\/h3>\n<p class=\"description\">Monitorizar e gerir o estado dos lubrificantes atrav\u00e9s de an\u00e1lises regulares.<\/p>\n<\/div>\n<div class=\"item\">\n<img decoding=\"async\" src=\"https:\/\/miit-informain.com\/wp-content\/uploads\/2024\/11\/emergency_stop.jpg\">\n<h3>Gest\u00e3o de Paragens Programadas<\/h3>\n<p>Planear e gerir as paragens programadas para a manuten\u00e7\u00e3o do equipamento.<\/p>\n<\/div>\n<div class=\"item\">\n<img decoding=\"async\" src=\"https:\/\/miit-informain.com\/wp-content\/uploads\/2025\/01\/reporting.png\">\n<h3>Relat\u00f3rios de opera\u00e7\u00f5es<\/h3>\n<p class=\"description\">Elaborar relat\u00f3rios exaustivos sobre as opera\u00e7\u00f5es e atividades.<\/p>\n<\/div>\n<div class=\"item\">\n<img decoding=\"async\" src=\"https:\/\/miit-informain.com\/wp-content\/uploads\/2025\/01\/corrective-actions.png\">\n<h3>Registo de Interven\u00e7\u00f5es Corretivas<\/h3>\n<p class=\"description\">Registar as interven\u00e7\u00f5es corretivas e documentar com precis\u00e3o os relat\u00f3rios de avarias.<\/p>\n<\/div>\n<div class=\"item\"><img decoding=\"async\" src=\"https:\/\/miit-informain.com\/wp-content\/uploads\/2024\/11\/warehouse-management-scaled.jpg\">\n<h3>Gest\u00e3o de armaz\u00e9ns<\/h3>\n<p class=\"description\">Gerir eficazmente os recursos do armaz\u00e9m e controlar os consumos espec\u00edficos.<\/p>\n<\/div>\n<div class=\"item\"><img decoding=\"async\" src=\"https:\/\/miit-informain.com\/wp-content\/uploads\/2024\/11\/consumption-management-scaled.jpg\">\n<h3>Gest\u00e3o de Consumos<\/h3>\n<p class=\"description\">Monitorizar as taxas de consumo, registar os contadores e controlar utiliza\u00e7\u00f5es espec\u00edficas.<\/p>\n<\/div>\n<div class=\"item\"><img decoding=\"async\" src=\"https:\/\/miit-informain.com\/wp-content\/uploads\/2024\/11\/lubricants-scaled.jpg\">\n<h3>Gest\u00e3o de Lubrificantes Usados<\/h3>\n<p class=\"description\">Gest\u00e3o de lubrificantes por c\u00f3digo LER, com controlo da sua remo\u00e7\u00e3o.<\/p>\n<\/div>\n<div class=\"item\"><img decoding=\"async\" src=\"https:\/\/miit-informain.com\/wp-content\/uploads\/2024\/11\/key-performance-indicators-scaled.jpg\">\n<h3>M\u00e9tricas e indicadores Configur\u00e1veis<\/h3>\n<p class=\"description\">Controlo de gest\u00e3o e do desempenho de instala\u00e7\u00f5es e equipamentos na \u00f3tica de custos, de cumprimento de planos, etc. configura\u00e7\u00e3o de relat\u00f3rios autom\u00e1ticos.<\/p>\n<\/div>\n<\/div>\n<\/div>\n<\/div>\n<\/div>","protected":false},"excerpt":{"rendered":"<p>Geslub is specific software developed by Informain MIIT that comprehensively manages your plant&#8217;s lubrication activities. It allows you to register all your equipment, organise it in a hierarchical way and group together the relevant information. From technical manuals, safety data sheets, quantities and type of lubrication product used, Geslub can be configured to be interconnected [&hellip;]<\/p>","protected":false},"author":1,"featured_media":0,"parent":0,"menu_order":0,"comment_status":"closed","ping_status":"closed","template":"","meta":{"footnotes":""},"class_list":["post-3451","page","type-page","status-publish","hentry"],"_links":{"self":[{"href":"https:\/\/miit-informain.com\/pt\/wp-json\/wp\/v2\/pages\/3451","targetHints":{"allow":["GET"]}}],"collection":[{"href":"https:\/\/miit-informain.com\/pt\/wp-json\/wp\/v2\/pages"}],"about":[{"href":"https:\/\/miit-informain.com\/pt\/wp-json\/wp\/v2\/types\/page"}],"author":[{"embeddable":true,"href":"https:\/\/miit-informain.com\/pt\/wp-json\/wp\/v2\/users\/1"}],"replies":[{"embeddable":true,"href":"https:\/\/miit-informain.com\/pt\/wp-json\/wp\/v2\/comments?post=3451"}],"version-history":[{"count":26,"href":"https:\/\/miit-informain.com\/pt\/wp-json\/wp\/v2\/pages\/3451\/revisions"}],"predecessor-version":[{"id":3709,"href":"https:\/\/miit-informain.com\/pt\/wp-json\/wp\/v2\/pages\/3451\/revisions\/3709"}],"wp:attachment":[{"href":"https:\/\/miit-informain.com\/pt\/wp-json\/wp\/v2\/media?parent=3451"}],"curies":[{"name":"wp","href":"https:\/\/api.w.org\/{rel}","templated":true}]}}