{"id":3475,"date":"2024-12-09T15:32:00","date_gmt":"2024-12-09T15:32:00","guid":{"rendered":"http:\/\/192.168.10.70\/intgraal-integrated-maintenance-operations-management-2\/"},"modified":"2025-01-11T18:44:31","modified_gmt":"2025-01-11T18:44:31","slug":"intgraal-integrated-maintenance-operations-management","status":"publish","type":"page","link":"https:\/\/miit-informain.com\/pt\/intgraal-integrated-maintenance-operations-management\/","title":{"rendered":"Int\u2019Graal \u2013 Gest\u00e3o Integrada de Opera\u00e7\u00f5es de Manuten\u00e7\u00e3o"},"content":{"rendered":"<div class=\"wp-block-group has-global-padding is-layout-constrained wp-block-group-is-layout-constrained\">\n<div class=\"wp-block-cover is-light\" style=\"border-radius:20px;min-height:500px;aspect-ratio:unset;\"><span aria-hidden=\"true\" class=\"wp-block-cover__background has-contrast-dark-background-color has-background-dim-30 has-background-dim\"><\/span><img fetchpriority=\"high\" decoding=\"async\" width=\"2560\" height=\"1707\" class=\"wp-block-cover__image-background wp-image-2259\" alt=\"\" src=\"https:\/\/miit-informain.com\/wp-content\/uploads\/2024\/10\/patrick-perkins-ETRPjvb0KM0-unsplash-1-scaled.jpg\" data-object-fit=\"cover\" srcset=\"https:\/\/miit-informain.com\/wp-content\/uploads\/2024\/10\/patrick-perkins-ETRPjvb0KM0-unsplash-1-scaled.jpg 2560w, https:\/\/miit-informain.com\/wp-content\/uploads\/2024\/10\/patrick-perkins-ETRPjvb0KM0-unsplash-1-300x200.jpg 300w, https:\/\/miit-informain.com\/wp-content\/uploads\/2024\/10\/patrick-perkins-ETRPjvb0KM0-unsplash-1-1024x683.jpg 1024w, https:\/\/miit-informain.com\/wp-content\/uploads\/2024\/10\/patrick-perkins-ETRPjvb0KM0-unsplash-1-768x512.jpg 768w, https:\/\/miit-informain.com\/wp-content\/uploads\/2024\/10\/patrick-perkins-ETRPjvb0KM0-unsplash-1-1536x1024.jpg 1536w, https:\/\/miit-informain.com\/wp-content\/uploads\/2024\/10\/patrick-perkins-ETRPjvb0KM0-unsplash-1-2048x1365.jpg 2048w, https:\/\/miit-informain.com\/wp-content\/uploads\/2024\/10\/patrick-perkins-ETRPjvb0KM0-unsplash-1-18x12.jpg 18w\" sizes=\"(max-width: 2560px) 100vw, 2560px\" \/><div class=\"wp-block-cover__inner-container is-layout-flow wp-block-cover-is-layout-flow\">\n<h1 class=\"wp-block-heading has-text-align-center has-contrast-light-color has-text-color has-link-color has-superbfont-xxlarge-font-size wp-elements-653bd80c05a23f13d4ad9560fc280539\">Int\u2019Graal \u2013 Gest\u00e3o Integrada de Opera\u00e7\u00f5es de Manuten\u00e7\u00e3o<\/h1>\n<\/div><\/div>\n<\/div>\n\n\n\n<div class=\"wp-block-group has-global-padding is-layout-constrained wp-block-group-is-layout-constrained\"><\/div>\n\n\n\n<div class=\"wp-block-group has-mono-4-background-color has-background has-global-padding is-layout-constrained wp-container-core-group-is-layout-3 wp-block-group-is-layout-constrained\" style=\"padding-top:var(--wp--preset--spacing--superbspacing-medium);padding-bottom:var(--wp--preset--spacing--superbspacing-medium)\">\n<h6 class=\"wp-block-heading\">M\u00f3dulo que suporta a gest\u00e3o de activos de um sistema durante o seu ciclo de vida, desde a fase de conce\u00e7\u00e3o preliminar at\u00e9 ao fim da opera\u00e7\u00e3o, apoiando a metodologia RAMS. Permite a modela\u00e7\u00e3o de instala\u00e7\u00f5es e equipamentos utilizando estruturas hier\u00e1rquicas de elementos granulares, com atributos para descrever as carater\u00edsticas t\u00e9cnicas, os modos de falha e quantifica\u00e7\u00e3o, as opera\u00e7\u00f5es de manuten\u00e7\u00e3o predeterminadas ou fortuitas e os par\u00e2metros de condi\u00e7\u00e3o ou processo que as condicionam.<\/h6>\n\n\n\n<h6 class=\"wp-block-heading\">Os planos de manuten\u00e7\u00e3o podem ser calculados analiticamente com base em distribui\u00e7\u00f5es estat\u00edsticas de falhas, repara\u00e7\u00f5es, substitui\u00e7\u00f5es, etc., tendo em conta o seu contexto operacional e os seus objectivos de custo do ciclo de vida, disponibilidade e fiabilidade.<\/h6>\n\n\n\n<h6 class=\"wp-block-heading\">O Int'Graal suporta uma abordagem anal\u00edtica e preditiva da manuten\u00e7\u00e3o atrav\u00e9s de um planeamento adaptativo baseado em planos de manuten\u00e7\u00e3o e na evolu\u00e7\u00e3o prevista dos par\u00e2metros de condi\u00e7\u00e3o definidos.<\/h6>\n\n\n\n<h6 class=\"wp-block-heading\">Esta abordagem permite definir a programa\u00e7\u00e3o de tarefas mais eficaz, com base em informa\u00e7\u00e3o proveniente de v\u00e1rias fontes, nomeadamente: O hist\u00f3rico de avarias, trabalhos e consumos de materiais; o plano de Produ\u00e7\u00e3o e a evolu\u00e7\u00e3o dos valores dos par\u00e2metros e contadores que condicionam as tarefas dos planos de manuten\u00e7\u00e3o.<\/h6>\n<\/div>\n\n\n\n<div class=\"wp-block-group has-global-padding is-layout-constrained wp-block-group-is-layout-constrained\" style=\"padding-top:var(--wp--preset--spacing--superbspacing-small);padding-bottom:var(--wp--preset--spacing--superbspacing-small)\">\n<h6 class=\"wp-block-heading has-text-align-center\">Caracteriza\u00e7\u00e3o de Solu\u00e7\u00f5es Individuais<\/h6>\n<\/div>\n\n\n\n<!DOCTYPE html>\t\n <html lang=\"en\">\t\n <head>\t \n  <meta charset=\"UTF-8\">\n  <meta name=\"viewport\" content=\"width=device-width, initial-scale=1.0\">\n  <title>Int\u2019Graal \u2013 Integrated Maintenance Operations Management<\/title>\t  \n  <style>\t\n  \/* Configura\u00e7\u00f5es gerais *\/\t  \n  * {\t  \n  box-sizing: border-box;\t  \n  margin: 0;\t \n  padding: 0;\t  \n  }\t  \n  body, html {\t  \n  height: 100%;\t\n  display: flex;\t  \n  flex-direction: column;\t  \n  }\t  \n  \/* Configura\u00e7\u00e3o do conte\u00fado principal *\/\t\n  .content {\t  \n  flex: 1;\t \n  display: flex;\t \n  flex-direction: column;\t  \n  }\t  \n  h2 {\t  \n  text-align: center;\t\n  padding: 20px 0;\t\n  }\t  \n  \/* Configura\u00e7\u00f5es para as se\u00e7\u00f5es *\/\t \n  .section-wrapper {\t\n  width: 100vw;\t \n  margin-left: calc(50% - 50vw);\n  padding: 20px 0;\n  }\t\n  .features-section {\n  background-color: #ffffff;\n  }\t  \n  \/* Configura\u00e7\u00e3o dos containers *\/\t\n  .container {\n  max-width: 1200px;\t  \n  margin: 0 auto;\n  padding: 20px;\t  \n  display: grid;\t \n  grid-template-columns: repeat(auto-fit, minmax(300px, 1fr));\t  \n  gap: 20px;\t  \n  }\t  \n  \/* Estilo de cada item *\/\t\n  .itemB {\n  background-color: #f8fafc;\n  border: 1px solid #ddd;\t  \n  border-radius: 10px;\t \n  padding: 20px;\n  transition: transform 0.3s ease, box-shadow 0.3s ease;\t  \n  text-align: center;\t  \n  overflow: hidden;\t  \n  cursor: pointer;\t  \n  color: #333;\t  \n  }\t  \n  .itemB h3 {\n  font-size: 1.2em;\t  \n  margin: 0 0 10px;\t \n  }\t  \n  \/* Estilo da imagem *\/\t  \n  .itemB img {\t  \n  display: block;\t  \n  max-width: 100%;\t  \n  height: 240px;\t  \n  margin-bottom: 10px;\t  \n  border-radius: 8px;\t  \n  }\t  \n  \/* Expans\u00e3o do conte\u00fado *\/\t  \n  .description {\t  \n  display: block;\t  \n  font-size: 0.9em;\t \n  margin-top: 10px;\t  \n  color: #555;\t  \n  }\t  \n  \/* Estilo ao clicar para expandir *\/\t  \n  .itemB.active .description {\t\n  display: block;\t  \n  }\t  \n  .itemB:hover {\t  \n  transform: scale(1.03);\t  \n  box-shadow: 0 4px 8px rgba(0, 0, 0, 0.2);\t  \n  }\t  \n  <\/style>\t \n  <script>\t  \n  document.addEventListener(\"DOMContentLoaded\", function() {\t\n  const items = document.querySelectorAll(\".itemB\");\t \n  items.forEach(itemB => {\t\n  itemB.addEventListener(\"click\", function() {\t\n  this.classList.toggle(\"active\");\t\n  });\t \n  });\t  \n  });\t \n  <\/script>\t  \n <\/head>\n <body>\t \n <div class=\"content\">\n  <div class=\"section-wrapper features-section\">\t\n  <div class=\"container\">\n  <div class=\"itemB\">\n  <img decoding=\"async\" src=\"https:\/\/miit-informain.com\/wp-content\/uploads\/2024\/11\/top_view_industry_installation.jpg\" alt=\"Characterization of installations\">\n  <h3>Caracteriza\u00e7\u00e3o de instala\u00e7\u00f5es<\/h3>\n  <p class=\"description\">Apresenta\u00e7\u00e3o da instala\u00e7\u00e3o e do sistema atrav\u00e9s de um esquema ou diagrama de processo. Cada unidade funcional \u00e9 identificada por n\u00fameros de etiqueta e caracterizada por carater\u00edsticas funcionais e restri\u00e7\u00f5es contextuais (por exemplo, taxa de utiliza\u00e7\u00e3o, afeta\u00e7\u00e3o de tempo).<\/p>\n  <\/div>\n  <div class=\"itemB\">\n  <img decoding=\"async\" src=\"https:\/\/miit-informain.com\/wp-content\/uploads\/2024\/11\/bar_code.jpg\" alt=\"Registration of equipment\">\n  <h3>Registo de Equipamentos<\/h3>\n  <p class=\"description\">Identifica\u00e7\u00e3o de equipamentos por um c\u00f3digo onde a sua morfologia \u00e9 representada segundo uma perspetiva granular, ou \u00e1rvore funcional, formando entidades. Codificam-se as entidades at\u00e9 ao n\u00edvel do item sujeito a substitui\u00e7\u00e3o LRU (Line Replaceable Unit) ou a repara\u00e7\u00e3o SRU (Shop Replaceable Unit).<\/p>\n  <\/div>\n  <div class=\"itemB\">\n  <img decoding=\"async\" src=\"https:\/\/miit-informain.com\/wp-content\/uploads\/2024\/11\/emergency_stop.jpg\" alt=\"Definition of failure modes, their severity and criticality\">\n  <h3>Falhas, irregularidades de produ\u00e7\u00e3o, An\u00e1lise Funcional e Fmeca <\/h3>\n  <p class=\"description\">Suporte \u00e0 an\u00e1lise funcional e \u00e0 an\u00e1lise Fmeca. Defini\u00e7\u00e3o de falhas criadas na estrutura funcional do elemento, e sua propaga\u00e7\u00e3o para cima ou para um ramo do mesmo n\u00edvel. Suporta o reporte de falhas, a sua an\u00e1lise e o acompanhamento das ac\u00e7\u00f5es para as ultrapassar, ou seja, configura a capacidade FRACAS - Failure Reporting, Analysis, and Corrective Action System.<\/p>\n  <\/div>\t\n  <div class=\"itemB\">\n  <img decoding=\"async\" src=\"https:\/\/miit-informain.com\/wp-content\/uploads\/2025\/01\/statistical_distribution.png\">\n  <h3>Modelos de falha e Convers\u00e3o de dados em distribui\u00e7\u00f5es estat\u00edsticas<\/h3>\n  <p class=\"description\">Representa\u00e7\u00e3o de modelos de falhas atrav\u00e9s de distribui\u00e7\u00f5es probabil\u00edsticas baseadas em dados hist\u00f3ricos de falhas, repara\u00e7\u00f5es, etc. Estes modelos s\u00e3o utilizados para definir planos de manuten\u00e7\u00e3o e para apoiar interven\u00e7\u00f5es corretivas imediatas ou, se poss\u00edvel, planeadas.<\/p>\n  <\/div>\n  <div class=\"itemB\">\n  <img decoding=\"async\" src=\"https:\/\/miit-informain.com\/wp-content\/uploads\/2025\/01\/severity.png\">\n  <h3>Severidade, criticidade e Estrat\u00e9gias de manuten\u00e7\u00e3o<\/h3>\n  <p class=\"description\">Defini\u00e7\u00e3o do modelo de manuten\u00e7\u00e3o a aplicar a cada unidade funcional identificada por um c\u00f3digo Tag. Este pode ser definido com base em v\u00e1rios par\u00e2metros, como por exemplo, criticidade (gravidade e probabilidade de ocorr\u00eancia), custo, especializa\u00e7\u00e3o dos recursos necess\u00e1rios, redund\u00e2ncia de equipamentos, monitoriza\u00e7\u00e3o da condi\u00e7\u00e3o, etc.<\/p>\n  <\/div>\n  <div class=\"itemB\">\n  <img decoding=\"async\" src=\"https:\/\/miit-informain.com\/wp-content\/uploads\/2025\/01\/en-fft-processing.jpg\">\n  <h3>Dados de par\u00e2metros e de contadores<\/h3>\n  <p class=\"description\">Suporte de informa\u00e7\u00e3o para contadores e par\u00e2metros associados a pontos de equipamentos e suas localiza\u00e7\u00f5es. Podem ser grandezas escalares ou complexas (vibra\u00e7\u00f5es) fornecidas por sistemas de aquisi\u00e7\u00e3o de sinais, sistemas Scada, sistemas de gest\u00e3o t\u00e9cnica ou colectores de an\u00e1lise de vibra\u00e7\u00f5es (e.g. valor global, banda de frequ\u00eancia, frequ\u00eancia de interesse).<\/p>\n  <\/div>\n  <div class=\"itemB\">\n  <img decoding=\"async\" src=\"https:\/\/miit-informain.com\/wp-content\/uploads\/2024\/11\/warehouse-management-scaled.jpg\">\n  <h3>Stocks, movimentos de Materiais e armaz\u00e9ns<\/h3>\n  <p class=\"description\">Apoio \u00e0 gest\u00e3o de stocks e armaz\u00e9ns, movimentos de entrada e sa\u00edda e processos de aprovisionamento, atrav\u00e9s de consultas\/encomendas ou ordens de compra. Apoio a reservas e consigna\u00e7\u00f5es de materiais para obras.<\/p>\n  <\/div>\n  <div class=\"itemB\">\n  <img decoding=\"async\" src=\"https:\/\/miit-informain.com\/wp-content\/uploads\/2024\/12\/human-resources.jpeg\">\n  <h3>Gest\u00e3o das oficinas e dos recursos humanos envolvidos nas opera\u00e7\u00f5es<\/h3>\n  <p class=\"description\"> Gest\u00e3o dos recursos envolvidos nas opera\u00e7\u00f5es. As opera\u00e7\u00f5es s\u00e3o realizadas com os recursos dispon\u00edveis nas oficinas ou centros de trabalho que apoiam a atividade.<\/p>\n  <\/div>\n  <div class=\"itemB\">\n  <img decoding=\"async\" src=\"https:\/\/miit-informain.com\/wp-content\/uploads\/2025\/01\/factory_org.svg\">\n  <h3>Ontologia de manuten\u00e7\u00e3o<\/h3>\n  <p class=\"description\">Defini\u00e7\u00e3o da ontologia aplic\u00e1vel ao mundo da manuten\u00e7\u00e3o. Defini\u00e7\u00e3o de uma opera\u00e7\u00e3o como uma ou um conjunto de tarefas executadas sobre um ou um conjunto de artigos ou objectos de manuten\u00e7\u00e3o, por uma ou mais especialidades profissionais (el\u00e9ctrica, mec\u00e2nica, instrumenta\u00e7\u00e3o), integradas num centro de trabalho ou numa oficina.<\/p>\n  <\/div>\n  <\/div>\t  \n  <\/div> \t  \n <\/body>\n <\/html>\n\n\n\n<div class=\"wp-block-group has-mono-4-background-color has-background has-global-padding is-layout-constrained wp-block-group-is-layout-constrained\" style=\"padding-top:var(--wp--preset--spacing--superbspacing-small);padding-bottom:var(--wp--preset--spacing--superbspacing-small)\">\n<h6 class=\"wp-block-heading has-text-align-center\">Gest\u00e3o de todas as opera\u00e7\u00f5es<\/h6>\n<\/div>\n\n\n\n<!DOCTYPE html>\n <html lang=\"en\">\n <head>\n  <meta charset=\"UTF-8\">\n  <meta name=\"viewport\" content=\"width=device-width, initial-scale=1.0\">\n  <title>Int\u2019Graal \u2013 Integrated Maintenance Operations Management<\/title>\t  \n  <style>\n  \/* Configura\u00e7\u00f5es gerais *\/\n  * {\n  box-sizing: border-box;\n  margin: 0;\n  padding: 0;\t  \n  }\t  \n  body, html {\t  \n  height: 100%;\t  \n  display: flex;\t\n  flex-direction: column;\t  \n  }\t  \n  \/* Configura\u00e7\u00e3o do conte\u00fado principal *\/\n  .content {\n  flex: 1;\t  \n  display: flex;\n  flex-direction: column;\t \n  }\t  \n  h2 {\t\n  text-align: center;\t  \n  padding: 20px 0;\n  }\t  \n  \/* Configura\u00e7\u00f5es para as se\u00e7\u00f5es *\/\t  \n  .section-wrapper {\t  \n  width: 100vw;\t  \n  margin-left: calc(50% - 50vw);\t\n  padding: 20px 0;\t  \n  }\t  \n  .features-section {\t \n  background-color: #ffffff;\t  \n  }\t  \n  \/* Configura\u00e7\u00e3o dos containers *\/\t \n  .container {\t\n  max-width: 1200px;\t \n  margin: 0 auto;\t  \n  padding: 20px;\n  display: grid;\t  \n  grid-template-columns: repeat(auto-fit, minmax(300px, 1fr));\n  gap: 20px;\t  \n  }\t  \n  \/* Estilo de cada item *\/\t  \n  .item {\t  \n  background-color: #f8fafc;\n  border: 1px solid #ddd;\n  border-radius: 10px;\n  padding: 20px;\t\n  transition: transform 0.3s ease, box-shadow 0.3s ease;\n  text-align: center;\n  overflow: hidden;\t \n  cursor: pointer;\t  \n  color: #333;\n  }\t  \n  .item h3 {\n  font-size: 1.2em;\t \n  margin: 0 0 10px;\t  \n  }\t  \n  \/* Estilo da imagem *\/\t\n  .item img {\n  display: block;\t  \n  max-width: 100%;\n  height: auto;\t\n  margin-bottom: 10px;\t  \n  border-radius: 8px;\t\n  }\t  \n  \/* Expans\u00e3o do conte\u00fado *\/\t  \n  .description {\t  \n  display: block;\t \n  font-size: 0.9em;\t  \n  margin-top: 10px;\t  \n  color: #555;\t  \n  }\t  \n  \/* Estilo ao clicar para expandir *\/\t \n  .item.active .description {\t  \n  display: block;\t  \n  }\t  \n  .item:hover {\n  transform: scale(1.03);\t \n  box-shadow: 0 4px 8px rgba(0, 0, 0, 0.2);\t  \n  }\t  \n  <\/style>\t \n  <script>\t  \n  document.addEventListener(\"DOMContentLoaded\", function() {\t \n  const items = document.querySelectorAll(\".item\");\t\n  items.forEach(item => {\n  item.addEventListener(\"click\", function() {\n  this.classList.toggle(\"active\");\n  });\t  \n  });\t  \n  });\t  \n  <\/script>\t\n <\/head>\t \n <body>\n <div class=\"content\">\n  <div class=\"section-wrapper features-section\">\n  <div class=\"container\">\n  <div class=\"item\">  \n  <h3>Planos de Manuten\u00e7\u00e3o (Preventiva, Inspe\u00e7\u00e3o e Lubrifica\u00e7\u00e3o)<\/h3>\n  <p class=\"description\">Os planos de manuten\u00e7\u00e3o realizam substitui\u00e7\u00f5es peri\u00f3dicas, baseadas no tempo ou em contadores, e conduzem inspe\u00e7\u00f5es para avaliar a condi\u00e7\u00e3o dos equipamentos, garantindo a fiabilidade. Estas opera\u00e7\u00f5es, pr\u00e9-determinadas, interv\u00eam antes de ultrapassar a vida \u00fatil esperada dos componentes. A estrat\u00e9gia utiliza c\u00e1lculos anal\u00edticos, baseados em modelos de falha e repara\u00e7\u00e3o, e permite otimiza\u00e7\u00f5es para definir a periodicidade ideal.<\/p>\t  \n  <\/div>\n  <div class=\"item\"> \n  <h3>Planeamento e Calendariza\u00e7\u00e3o<\/h3>\n  <p class=\"description\">O planeamento organiza tarefas com datas ou sequ\u00eancias definidas, integrando planos, depend\u00eancias de contadores, inspe\u00e7\u00f5es ou pedidos de trabalho. Adapta-se a recursos finitos de materiais e m\u00e3o de obra, reprogramando tarefas atrasadas quando necess\u00e1rio e permite ajustes manuais para alinhar-se \u00e0s condi\u00e7\u00f5es operacionais.<\/p>\n  <\/div>\n  <div class=\"item\"> \n  <h3>Programa\u00e7\u00e3o e gest\u00e3o das Ordens de trabalho<\/h3>\n  <p class=\"description\">Centraliza\u00e7\u00e3o da gest\u00e3o e reporte de opera\u00e7\u00f5es planeadas e fortuitas, organizando a programa\u00e7\u00e3o de atividades e distribuindo a carga pela equipa operacional atrav\u00e9s de ordens de trabalho (OTs). Oferece fluxos configur\u00e1veis para definir o modus operandi e a tramita\u00e7\u00e3o de informa\u00e7\u00e3o com base em crit\u00e9rios como urg\u00eancia e criticidade.<\/p>\n  <\/div>\n  <div class=\"item\"> \n  <h3>C\u00e1lculo de custo de ciclo de vida fiabilidade e Disponibilidade<\/h3>\n  <p class=\"description\">Previs\u00e3o dos custos do ciclo de vida e evolu\u00e7\u00e3o da disponibilidade e fiabilidade das unidades funcionais ou locais superiores, calculando analiticamente os planos. Permite validar eficazmente as estrat\u00e9gias de manuten\u00e7\u00e3o.<\/p>\n  <\/div>\n  <div class=\"item\">\n  <h3>Planeamento din\u00e2mico<\/h3>\n  <p class=\"description\">Ajuste das datas de opera\u00e7\u00f5es geradas por planos calculados analiticamente e condicionados pela evolu\u00e7\u00e3o de par\u00e2metros de condi\u00e7\u00e3o. Conjuga a informa\u00e7\u00e3o estat\u00edstica que permite prever o desempenho com base num modelo de falha com a informa\u00e7\u00e3o em tempo real da sua condi\u00e7\u00e3o, validando e corrigindo a previs\u00e3o.<\/p>\n  <\/div>\n  <div class=\"item\">\n  <h3>Pedidos de trabalho e gest\u00e3o de eventos<\/h3>\n  <p class=\"description\">Suporte de um sistema de gest\u00e3o eventos, por tipos configur\u00e1veis, incluindo contextos diferentes como os da gest\u00e3o de qualidade, de seguran\u00e7a de energia. Sistema de tickets que permite complementar as funcionalidades descritas e completar a lista de tarefas atribu\u00eddas a cada colaborador.<\/p>\n  <\/div>\n  <div class=\"item\">\n  <h3>Navega\u00e7\u00e3o geogr\u00e1fica<\/h3>\n  <p class=\"description\">Representa\u00e7\u00e3o de layout de unidades funcionais e equipamentos, com funcionalidades de zoom e ecr\u00e3s sequenciais, completamente configur\u00e1veis.<\/p>\n  <\/div>\n  <div class=\"item\">\n  <h3>M\u00e9tricas e Indicadores configur\u00e1veis<\/h3>\n  <p class=\"description\">Um vasto conjunto de indicadores e m\u00e9tricas configur\u00e1veis para caraterizar o desempenho de f\u00e1bricas, linhas de produ\u00e7\u00e3o e equipamentos, em v\u00e1rias vistas.<\/p>\n  <\/div>\n  <div class=\"item\">\n  <h3>Relat\u00f3rios e informa\u00e7\u00e3o sobre opera\u00e7\u00f5es e equipamentos<\/h3>\n  <p class=\"description\">Ferramentas de controlo de gest\u00e3o que permitem visualizar a evolu\u00e7\u00e3o na \u00f3tica de custos, de falhas, de interven\u00e7\u00e3o, etc. Configura\u00e7\u00e3o relat\u00f3rios produzidos de forma semiautom\u00e1tica para descrever o desempenho obtido ou os indicadores calculados para um per\u00edodo definido.<\/p>\n  <\/div>\n  <div class=\"item\">\n  <h3>C\u00e1lculo de custo de ciclo de vida - fiabilidade e disponibilidade<\/h3>\n  <p class=\"description\">Previs\u00e3o do custo do ciclo de vida e da evolu\u00e7\u00e3o da disponibilidade e da fiabilidade das unidades funcionais ou dos locais de n\u00edvel superior, desde que os planos tenham sido calculados analiticamente. Esta funcionalidade permite a valida\u00e7\u00e3o das estrat\u00e9gias de manuten\u00e7\u00e3o.<\/p>\n  <\/div>\n  <div class=\"item\">\n  <h3>Importa\u00e7\u00e3o de v\u00e1rias fontes<\/h3>\n  <p class=\"description\">Compatibilidade de importa\u00e7\u00e3o de dados em v\u00e1rios formatos e de v\u00e1rias fontes, para completar a informa\u00e7\u00e3o necess\u00e1ria, como dados de processo de sistemas de informa\u00e7\u00e3o t\u00e9cnica, SCADAS, ou dados sobre falhas reportadas ou materiais consumidos reportados em ERPs ou CMMSs.<\/p>\n  <\/div>\n  <div class=\"item\">\n  <h3>Gest\u00e3o Documental<\/h3>\n  <p class=\"description\">Suporta a informa\u00e7\u00e3o das interven\u00e7\u00f5es, manuais, caracteriza\u00e7\u00e3o de falhas, de opera\u00e7\u00f5es de manuten\u00e7\u00e3o e que permite suportar e emitir relat\u00f3rios t\u00e9cnicos ou informa\u00e7\u00e3o t\u00e9cnica como especifica\u00e7\u00f5es ou cadernos de encargos.<\/p>\n  <\/div>\n  <\/div>\t  \n  <\/div> \t  \n <\/body>\t\n <\/html>\n\n\n\n<div class=\"wp-block-group has-mono-4-background-color has-background has-global-padding is-layout-constrained wp-block-group-is-layout-constrained\" style=\"padding-top:var(--wp--preset--spacing--superbspacing-xxlarge);padding-bottom:var(--wp--preset--spacing--superbspacing-xxlarge)\">\n<h6 class=\"wp-block-heading has-text-align-center\">An\u00e1lise de manuten\u00e7\u00e3o preditiva baseada em dados reais.<\/h6>\n<\/div>\n\n\n\n<!DOCTYPE html>\n <html lang=\"en\">\n <head>\n  <meta charset=\"UTF-8\">\n  <meta name=\"viewport\" content=\"width=device-width, initial-scale=1.0\">\n  <title>Int\u2019Graal \u2013 Integrated Maintenance Operations Management<\/title>\n  <style>\n  \/* Configura\u00e7\u00f5es gerais *\/\n  * {\t  \n  box-sizing: border-box;\t  \n  margin: 0;\t\n  padding: 0;\t  \n  }\t  \n  body, html {\n  height: 100%;\t \n  display: flex;\t  \n  flex-direction: column;\n  }\t  \n  \/* Configura\u00e7\u00e3o do conte\u00fado principal *\/\n  .content {\t  \n  flex: 1;\t\n  display: flex;\n  flex-direction: column;\n  }\t  \n  h2 {\t  \n  text-align: center;\n  padding: 20px 0;\n  }\t  \n  \/* Configura\u00e7\u00f5es para as se\u00e7\u00f5es *\/\n  .section-wrapper {\t \n  width: 100vw;\t\n  margin-left: calc(50% - 50vw);\n  padding: 20px 0;\n  }\t  \n  .features-section {\n  background-color: #ffffff;\n  }\t  \n  \/* Configura\u00e7\u00e3o dos containers *\/\t\n  .containerZ {\n  max-width: 430px;\t\n  margin: 0 auto;\t\n  padding: 20px;\t \n  display: grid;\n  grid-template-columns: repeat(auto-fit, minmax(300px, 1fr));\n  gap: 20px;\n  }\t  \n  \/* Estilo de cada item *\/\n  .item {\n  background-color: #f8fafc;\t \n  border: 1px solid #ddd;\t  \n  border-radius: 10px;\n  padding: 20px;\n  transition: transform 0.3s ease, box-shadow 0.3s ease;\n  text-align: center;\n  overflow: hidden;\t  \n  cursor: pointer;\t  \n  color: #333;\n  }\t  \n  .item h3 {\n  font-size: 1.2em;\t  \n  margin: 0 0 10px;\t \n  }\t  \n  \n  .item img {\t\n  display: block;\t  \n  max-width: 100%;\t \n  max-height: 350px;\t \n  margin-bottom: 10px;\n  border-radius: 8px;\t \n  }\t  \n  \n  \/* Expans\u00e3o do conte\u00fado *\/\n  .description {\n  display: block;\n  font-size: 0.9em;\t \n  margin-top: 10px;\t\n  color: #555;\n  }\n  \/* Estilo ao clicar para expandir *\/\n  .item.active .description {\t  \n  display: block;\n  }\n  .item:hover {\n  transform: scale(1.03);\n  box-shadow: 0 4px 8px rgba(0, 0, 0, 0.2);\n  }\n\n  <\/style>\t \n  <script>\t  \n  document.addEventListener(\"DOMContentLoaded\", function() {\n  const items = document.querySelectorAll(\".item\");\n  items.forEach(item => {\n  item.addEventListener(\"click\", function() {\n  this.classList.toggle(\"active\");\n  });\t \n  });\t  \n  });\t  \n  <\/script>\t\n <\/head>\n <body>\n <div class=\"content\">\n  <div class=\"section-wrapper features-section\">\n  <h2>Funcionalidades<\/h2>\n  <div class=\"containerZ\">\n  <div class=\"item\">\n  <img decoding=\"async\" src=\"https:\/\/miit-informain.com\/wp-content\/uploads\/2024\/12\/mtbf-mttr-mttf.png\">\n  <h3>Fun\u00e7\u00f5es estat\u00edsticas - Fiabilidade ou manutibilidade<\/h3>\n  <p class=\"description\">As opera\u00e7\u00f5es de manuten\u00e7\u00e3o, inspe\u00e7\u00e3o e paragem s\u00e3o calculadas de uma forma anal\u00edtica, baseadas no conhecimento e experi\u00eancia de mais de 30 anos de atividade industrial, no com\u00e9rcio e servi\u00e7os.<\/p>\n  <\/div>\n  <\/div>\n  <\/div>\n <\/body>\n <\/html>","protected":false},"excerpt":{"rendered":"<p>Module that supports the asset management of a system during its life cycle, from the preliminary design phase to the end of operation, supporting the RAMS methodology. It enables the plant and equipment modelling using hierarchical structures of granular elements, with attributes to describe the technical characteristics, the failure modes &amp; quantification, the predetermined or [&hellip;]<\/p>","protected":false},"author":1,"featured_media":0,"parent":0,"menu_order":0,"comment_status":"closed","ping_status":"closed","template":"","meta":{"footnotes":""},"class_list":["post-3475","page","type-page","status-publish","hentry"],"_links":{"self":[{"href":"https:\/\/miit-informain.com\/pt\/wp-json\/wp\/v2\/pages\/3475","targetHints":{"allow":["GET"]}}],"collection":[{"href":"https:\/\/miit-informain.com\/pt\/wp-json\/wp\/v2\/pages"}],"about":[{"href":"https:\/\/miit-informain.com\/pt\/wp-json\/wp\/v2\/types\/page"}],"author":[{"embeddable":true,"href":"https:\/\/miit-informain.com\/pt\/wp-json\/wp\/v2\/users\/1"}],"replies":[{"embeddable":true,"href":"https:\/\/miit-informain.com\/pt\/wp-json\/wp\/v2\/comments?post=3475"}],"version-history":[{"count":65,"href":"https:\/\/miit-informain.com\/pt\/wp-json\/wp\/v2\/pages\/3475\/revisions"}],"predecessor-version":[{"id":3892,"href":"https:\/\/miit-informain.com\/pt\/wp-json\/wp\/v2\/pages\/3475\/revisions\/3892"}],"wp:attachment":[{"href":"https:\/\/miit-informain.com\/pt\/wp-json\/wp\/v2\/media?parent=3475"}],"curies":[{"name":"wp","href":"https:\/\/api.w.org\/{rel}","templated":true}]}}